{"id":311,"date":"2023-08-17T13:43:56","date_gmt":"2023-08-17T13:43:56","guid":{"rendered":"https:\/\/maroonthink.es\/?page_id=311"},"modified":"2023-12-16T16:36:30","modified_gmt":"2023-12-16T16:36:30","slug":"formulario-contacto","status":"publish","type":"page","link":"https:\/\/maroonthink.es\/index.php\/formulario-contacto\/","title":{"rendered":"Formulario de contacto"},"content":{"rendered":"\t\t<div data-elementor-type=\"wp-page\" data-elementor-id=\"311\" class=\"elementor elementor-311\">\n\t\t\t\t\t\t<section class=\"elementor-section elementor-top-section elementor-element elementor-element-1017b2a elementor-section-boxed elementor-section-height-default elementor-section-height-default\" data-id=\"1017b2a\" data-element_type=\"section\" data-e-type=\"section\" data-settings=\"{&quot;background_background&quot;:&quot;classic&quot;}\">\n\t\t\t\t\t\t\t<div class=\"elementor-background-overlay\"><\/div>\n\t\t\t\t\t\t\t<div class=\"elementor-container elementor-column-gap-default\">\n\t\t\t\t\t<div class=\"elementor-column elementor-col-100 elementor-top-column elementor-element elementor-element-0be48de\" data-id=\"0be48de\" data-element_type=\"column\" data-e-type=\"column\">\n\t\t\t<div class=\"elementor-widget-wrap elementor-element-populated\">\n\t\t\t\t\t\t<div class=\"elementor-element elementor-element-134e6e2 elementor-widget elementor-widget-image\" data-id=\"134e6e2\" data-element_type=\"widget\" data-e-type=\"widget\" data-widget_type=\"image.default\">\n\t\t\t\t<div class=\"elementor-widget-container\">\n\t\t\t\t\t\t\t\t\t\t\t\t\t\t\t<img fetchpriority=\"high\" decoding=\"async\" width=\"300\" height=\"225\" src=\"https:\/\/maroonthink.es\/wp-content\/uploads\/2023\/08\/png1-01-300x225.png\" class=\"attachment-medium size-medium wp-image-314\" alt=\"\" srcset=\"https:\/\/maroonthink.es\/wp-content\/uploads\/2023\/08\/png1-01-300x225.png 300w, https:\/\/maroonthink.es\/wp-content\/uploads\/2023\/08\/png1-01-1024x768.png 1024w, https:\/\/maroonthink.es\/wp-content\/uploads\/2023\/08\/png1-01-768x576.png 768w, https:\/\/maroonthink.es\/wp-content\/uploads\/2023\/08\/png1-01-1536x1152.png 1536w, https:\/\/maroonthink.es\/wp-content\/uploads\/2023\/08\/png1-01-2048x1536.png 2048w\" sizes=\"(max-width: 300px) 100vw, 300px\" \/>\t\t\t\t\t\t\t\t\t\t\t\t\t\t\t<\/div>\n\t\t\t\t<\/div>\n\t\t\t\t<div class=\"elementor-element elementor-element-acfb6c5 elementor-widget elementor-widget-heading\" data-id=\"acfb6c5\" data-element_type=\"widget\" data-e-type=\"widget\" data-widget_type=\"heading.default\">\n\t\t\t\t<div class=\"elementor-widget-container\">\n\t\t\t\t\t<h2 class=\"elementor-heading-title elementor-size-default\">CONSULTA GRATUITA<\/h2>\t\t\t\t<\/div>\n\t\t\t\t<\/div>\n\t\t\t\t<div class=\"elementor-element elementor-element-8ed92b3 elementor-widget elementor-widget-heading\" data-id=\"8ed92b3\" data-element_type=\"widget\" data-e-type=\"widget\" data-widget_type=\"heading.default\">\n\t\t\t\t<div class=\"elementor-widget-container\">\n\t\t\t\t\t<h2 class=\"elementor-heading-title elementor-size-default\">Reserva conmigo una videollamada de 15-20 min para ver si puedo ayudarte. Rellena el formulario y me pondr\u00e9 en contacto contigo en menos de 48h.<\/h2>\t\t\t\t<\/div>\n\t\t\t\t<\/div>\n\t\t\t\t<div class=\"elementor-element elementor-element-c75ae2c elementor-widget elementor-widget-spacer\" data-id=\"c75ae2c\" data-element_type=\"widget\" data-e-type=\"widget\" data-widget_type=\"spacer.default\">\n\t\t\t\t<div class=\"elementor-widget-container\">\n\t\t\t\t\t\t\t<div class=\"elementor-spacer\">\n\t\t\t<div class=\"elementor-spacer-inner\"><\/div>\n\t\t<\/div>\n\t\t\t\t\t\t<\/div>\n\t\t\t\t<\/div>\n\t\t\t\t<div class=\"elementor-element elementor-element-cbb3cf1 elementor-widget elementor-widget-shortcode\" data-id=\"cbb3cf1\" data-element_type=\"widget\" data-e-type=\"widget\" data-widget_type=\"shortcode.default\">\n\t\t\t\t<div class=\"elementor-widget-container\">\n\t\t\t\t\t\t\t<div class=\"elementor-shortcode\"><div class=\"forminator-ui forminator-custom-form forminator-custom-form-333 forminator-design--material forminator-enclosed forminator_ajax\" data-forminator-render=\"0\" data-form=\"forminator-module-333\" data-uid=\"69f29f1fb919b\"><br\/><\/div><form\n\t\t\t\tid=\"forminator-module-333\"\n\t\t\t\tclass=\"forminator-ui forminator-custom-form forminator-custom-form-333 forminator-design--material forminator-enclosed forminator_ajax\"\n\t\t\t\tmethod=\"post\"\n\t\t\t\tdata-forminator-render=\"0\"\n\t\t\t\tdata-form-id=\"333\"\n\t\t\t\t data-color-option=\"default\" data-design=\"material\" data-grid=\"enclosed\" style=\"display: none;\"\n\t\t\t\tdata-uid=\"69f29f1fb919b\"\n\t\t\t><div role=\"alert\" aria-live=\"polite\" class=\"forminator-response-message forminator-error\" aria-hidden=\"true\"><\/div><div class=\"forminator-row\"><div id=\"name-1\" class=\"forminator-field-name forminator-col forminator-col-12 \"><div class=\"forminator-field\"><label for=\"forminator-field-name-1_69f29f1fb919b\" id=\"forminator-field-name-1_69f29f1fb919b-label\" class=\"forminator-label\">Nombre y Apellidos <span class=\"forminator-required\">*<\/span><\/label><input type=\"text\" name=\"name-1\" value=\"\" placeholder=\"Ejemplo: Manuel Ca\u00f1adas Aranega\" id=\"forminator-field-name-1_69f29f1fb919b\" class=\"forminator-input forminator-name--field\" aria-required=\"true\" autocomplete=\"name\" aria-describedby=\"forminator-field-name-1_69f29f1fb919b-description\" \/><span id=\"forminator-field-name-1_69f29f1fb919b-description\" class=\"forminator-description\">Solo un apellido si no es muy com\u00fan<\/span><\/div><\/div><\/div><div class=\"forminator-row\"><div id=\"email-1\" class=\"forminator-field-email forminator-col forminator-col-12 \"><div class=\"forminator-field\"><label for=\"forminator-field-email-1_69f29f1fb919b\" id=\"forminator-field-email-1_69f29f1fb919b-label\" class=\"forminator-label\">Correo electr\u00f3nico <span class=\"forminator-required\">*<\/span><\/label><input type=\"email\" name=\"email-1\" value=\"\" placeholder=\"Ejemplo: info@maroonthink.es\" id=\"forminator-field-email-1_69f29f1fb919b\" class=\"forminator-input forminator-email--field\" data-required=\"true\" aria-required=\"true\" autocomplete=\"email\" aria-describedby=\"forminator-field-email-1_69f29f1fb919b-description\" \/><span id=\"forminator-field-email-1_69f29f1fb919b-description\" class=\"forminator-description\">El correo electr\u00f3nico que m\u00e1s utilices<\/span><\/div><\/div><\/div><div class=\"forminator-row\"><div id=\"phone-1\" class=\"forminator-field-phone forminator-col forminator-col-12 \"><div class=\"forminator-field\"><label for=\"forminator-field-phone-1_69f29f1fb919b\" id=\"forminator-field-phone-1_69f29f1fb919b-label\" class=\"forminator-label\">N\u00famero de tel\u00e9fono <span class=\"forminator-required\">*<\/span><\/label><input type=\"text\" name=\"phone-1\" value=\"\" placeholder=\"Ejemplo: 697848699\" id=\"forminator-field-phone-1_69f29f1fb919b\" class=\"forminator-input forminator-field--phone\" data-required=\"1\" aria-required=\"true\" autocomplete=\"off\" aria-describedby=\"forminator-field-phone-1_69f29f1fb919b-description\" \/><span id=\"forminator-field-phone-1_69f29f1fb919b-description\" class=\"forminator-description\" id=\"forminator-field-phone-1_69f29f1fb919b-description\">Solo lo utilizar\u00e9 para la llamada<\/span><\/div><\/div><\/div><div class=\"forminator-row\"><div id=\"select-3\" class=\"forminator-field-select forminator-col forminator-col-12 \"><div class=\"forminator-field\"><label for=\"forminator-form-333__field--select-3_69f29f1fb919b\" id=\"forminator-form-333__field--select-3_69f29f1fb919b-label\" class=\"forminator-label\">\u00bfQu\u00e9 d\u00edas podr\u00edamos hablar normalmente?<\/label><div class=\"forminator-multiselect\" aria-labelledby=\"forminator-form-333__field--select-3_69f29f1fb919b-label\" aria-describedby=\"forminator-form-333__field--select-3_69f29f1fb919b-description\"><label id=\"forminator-form-333__field--select-3_69f29f1fb919b-1-label\" for=\"forminator-form-333__field--select-3_69f29f1fb919b-1\" class=\"forminator-option\"><input type=\"checkbox\" name=\"select-3[]\" value=\"one\" id=\"forminator-form-333__field--select-3_69f29f1fb919b-1\" aria-labelledby=\"forminator-form-333__field--select-3_69f29f1fb919b-1-label\" data-calculation=\"0\"  data-hidden-behavior=\"zero\"  \/>Lunes<\/label><label id=\"forminator-form-333__field--select-3_69f29f1fb919b-2-label\" for=\"forminator-form-333__field--select-3_69f29f1fb919b-2\" class=\"forminator-option\"><input type=\"checkbox\" name=\"select-3[]\" value=\"two\" id=\"forminator-form-333__field--select-3_69f29f1fb919b-2\" aria-labelledby=\"forminator-form-333__field--select-3_69f29f1fb919b-2-label\" data-calculation=\"0\"  data-hidden-behavior=\"zero\"  \/>Martes<\/label><label id=\"forminator-form-333__field--select-3_69f29f1fb919b-3-label\" for=\"forminator-form-333__field--select-3_69f29f1fb919b-3\" class=\"forminator-option\"><input type=\"checkbox\" name=\"select-3[]\" value=\"Miercoles\" id=\"forminator-form-333__field--select-3_69f29f1fb919b-3\" aria-labelledby=\"forminator-form-333__field--select-3_69f29f1fb919b-3-label\" data-calculation=\"0\"  data-hidden-behavior=\"zero\"  \/>Miercoles<\/label><label id=\"forminator-form-333__field--select-3_69f29f1fb919b-4-label\" for=\"forminator-form-333__field--select-3_69f29f1fb919b-4\" class=\"forminator-option\"><input type=\"checkbox\" name=\"select-3[]\" value=\"Jueves\" id=\"forminator-form-333__field--select-3_69f29f1fb919b-4\" aria-labelledby=\"forminator-form-333__field--select-3_69f29f1fb919b-4-label\" data-calculation=\"0\"  data-hidden-behavior=\"zero\"  \/>Jueves<\/label><label id=\"forminator-form-333__field--select-3_69f29f1fb919b-5-label\" for=\"forminator-form-333__field--select-3_69f29f1fb919b-5\" class=\"forminator-option\"><input type=\"checkbox\" name=\"select-3[]\" value=\"Viernes\" id=\"forminator-form-333__field--select-3_69f29f1fb919b-5\" aria-labelledby=\"forminator-form-333__field--select-3_69f29f1fb919b-5-label\" data-calculation=\"0\"  data-hidden-behavior=\"zero\"  \/>Viernes<\/label><input type='hidden' name='select-3-multiselect-default-values' class='multiselect-default-values' value='' \/><\/div><span id=\"forminator-form-333__field--select-3_69f29f1fb919b-description\" class=\"forminator-description\">Selecciona \"cualquier d\u00eda\"  o los d\u00edas que puedas<\/span><\/div><\/div><\/div><div class=\"forminator-row\"><div id=\"select-4\" class=\"forminator-field-select forminator-col forminator-col-12 \"><div class=\"forminator-field\"><label for=\"forminator-form-333__field--select-4_69f29f1fb919b\" id=\"forminator-form-333__field--select-4_69f29f1fb919b-label\" class=\"forminator-label\">\u00bfQu\u00e9 horario ser\u00eda mejor para poder hablar?<\/label><div class=\"forminator-multiselect\" aria-labelledby=\"forminator-form-333__field--select-4_69f29f1fb919b-label\" aria-describedby=\"forminator-form-333__field--select-4_69f29f1fb919b-description\"><label id=\"forminator-form-333__field--select-4_69f29f1fb919b-1-label\" for=\"forminator-form-333__field--select-4_69f29f1fb919b-1\" class=\"forminator-option\"><input type=\"checkbox\" name=\"select-4[]\" value=\"one\" id=\"forminator-form-333__field--select-4_69f29f1fb919b-1\" aria-labelledby=\"forminator-form-333__field--select-4_69f29f1fb919b-1-label\" data-calculation=\"0\"  data-hidden-behavior=\"zero\"  \/>Ma\u00f1anas (08:00h a 12:00h)<\/label><label id=\"forminator-form-333__field--select-4_69f29f1fb919b-2-label\" for=\"forminator-form-333__field--select-4_69f29f1fb919b-2\" class=\"forminator-option\"><input type=\"checkbox\" name=\"select-4[]\" value=\"two\" id=\"forminator-form-333__field--select-4_69f29f1fb919b-2\" aria-labelledby=\"forminator-form-333__field--select-4_69f29f1fb919b-2-label\" data-calculation=\"0\"  data-hidden-behavior=\"zero\"  \/>Mediod\u00eda (13:00h a 16:00h)<\/label><label id=\"forminator-form-333__field--select-4_69f29f1fb919b-3-label\" for=\"forminator-form-333__field--select-4_69f29f1fb919b-3\" class=\"forminator-option\"><input type=\"checkbox\" name=\"select-4[]\" value=\"Miercoles\" id=\"forminator-form-333__field--select-4_69f29f1fb919b-3\" aria-labelledby=\"forminator-form-333__field--select-4_69f29f1fb919b-3-label\" data-calculation=\"0\"  data-hidden-behavior=\"zero\"  \/>Tardes ( 17:00h a 21:00h)<\/label><input type='hidden' name='select-4-multiselect-default-values' class='multiselect-default-values' value='' \/><\/div><span id=\"forminator-form-333__field--select-4_69f29f1fb919b-description\" class=\"forminator-description\">Selecciona una zona horaria<\/span><\/div><\/div><\/div><div class=\"forminator-row\"><div id=\"consent-1\" class=\"forminator-field-consent forminator-col forminator-col-12 \"><div class=\"forminator-field\"><label for=\"forminator-field-consent-1_69f29f1fb919b\" id=\"forminator-field-consent-1_69f29f1fb919b-label\" class=\"forminator-label\">Pol\u00edtica de privacidad <span class=\"forminator-required\">*<\/span><\/label><div class=\"forminator-checkbox__wrapper\"><label id=\"forminator-field-consent-1_69f29f1fb919b__label\" class=\"forminator-checkbox forminator-consent\"><input type=\"checkbox\" name=\"consent-1\" id=\"forminator-field-consent-1_69f29f1fb919b\" value=\"checked\" aria-labelledby=\"forminator-field-consent-1_69f29f1fb919b-label\" aria-describedby=\"forminator-field-consent-1_69f29f1fb919b__description\" data-required=\"true\" aria-required=\"true\" \/><span class=\"forminator-checkbox-box\" aria-hidden=\"true\"><\/span><\/label><div id=\"forminator-field-consent-1_69f29f1fb919b__description\" class=\"forminator-checkbox__label forminator-consent__label\"><p>INFORMACI\u00d3N B\u00c1SICA SOBRE PROTECCI\u00d3N DE DATOS<\/p>\n<p>Responsable: MANUEL CA\u00d1ADAS ARANEGA<\/p>\n<p>Finalidad: Gestionar las consultas planteadas en el formulario de contacto y env\u00edo de boletines informativos para que sus destinatarios puedan conocer peri\u00f3dicamente las noticias, novedades, productos y promociones relacionadas con nuestra empresa<\/p>\n<p>Legitimaci\u00f3n: Inter\u00e9s leg\u00edtimo del Responsable y consentimiento del interesado.<\/p>\n<p>Destinatarios: Se ceder\u00e1n datos por obligaci\u00f3n legal, autorizaci\u00f3n expresa del interesado o para prestar un servicio como se explica en la informaci\u00f3n adicional.<\/p>\n<p>Derechos: Acceder, rectificar y suprimir los datos, as\u00ed como otros derechos, como se explica en la informaci\u00f3n adicional. Puede consultar la informaci\u00f3n adicional y detallada sobre Protecci\u00f3n de Datos expuesta en nuestra pol\u00edtica de privacidad en el siguiente link <a href=\"https:\/\/maroonthink.es\/index.php\/politica-privacidad\/\">https:\/\/maroonthink.es\/index.php\/politica-privacidad\/<\/a><\/p><\/div><\/div><\/div><\/div><\/div><input type=\"hidden\" name=\"referer_url\" value=\"\" \/><div class=\"forminator-row forminator-row-last\"><div class=\"forminator-col\"><div class=\"forminator-field\"><button class=\"forminator-button forminator-button-submit\"><span>RESERVAR CONSULTA<\/span><span aria-hidden=\"true\"><\/span><\/button><\/div><\/div><\/div><input type=\"hidden\" id=\"forminator_nonce\" name=\"forminator_nonce\" value=\"611484a8ba\" \/><input type=\"hidden\" name=\"_wp_http_referer\" value=\"\/index.php\/wp-json\/wp\/v2\/pages\/311\" \/><input type=\"hidden\" name=\"form_id\" value=\"333\"><input type=\"hidden\" name=\"page_id\" value=\"311\"><input type=\"hidden\" name=\"form_type\" value=\"default\"><input type=\"hidden\" name=\"current_url\" value=\"https:\/\/maroonthink.es\/index.php\/formulario-contacto\/\"><input type=\"hidden\" name=\"render_id\" value=\"0\"><input type=\"hidden\" name=\"action\" value=\"forminator_submit_form_custom-forms\"><label for=\"input_7\" class=\"forminator-hidden\" aria-hidden=\"true\">Por favor, no rellenes este campo. <input id=\"input_7\" type=\"text\" name=\"input_7\" value=\"\" autocomplete=\"off\"><\/label><\/form><\/div>\n\t\t\t\t\t\t<\/div>\n\t\t\t\t<\/div>\n\t\t\t\t<div class=\"elementor-element elementor-element-72143e1 elementor-widget elementor-widget-spacer\" data-id=\"72143e1\" data-element_type=\"widget\" data-e-type=\"widget\" data-widget_type=\"spacer.default\">\n\t\t\t\t<div class=\"elementor-widget-container\">\n\t\t\t\t\t\t\t<div class=\"elementor-spacer\">\n\t\t\t<div class=\"elementor-spacer-inner\"><\/div>\n\t\t<\/div>\n\t\t\t\t\t\t<\/div>\n\t\t\t\t<\/div>\n\t\t\t\t\t<\/div>\n\t\t<\/div>\n\t\t\t\t\t<\/div>\n\t\t<\/section>\n\t\t\t\t<\/div>\n\t\t","protected":false},"excerpt":{"rendered":"<p>CONSULTA GRATUITA Reserva conmigo una videollamada de 15-20 min para ver si puedo ayudarte. Rellena el formulario y me pondr\u00e9 en contacto contigo en menos de 48h.<\/p>\n","protected":false},"author":1,"featured_media":0,"parent":0,"menu_order":0,"comment_status":"closed","ping_status":"closed","template":"templates\/wpmm-page-template.php","meta":{"neve_meta_sidebar":"","neve_meta_container":"","neve_meta_enable_content_width":"","neve_meta_content_width":0,"neve_meta_title_alignment":"","neve_meta_author_avatar":"","neve_post_elements_order":"","neve_meta_disable_header":"","neve_meta_disable_footer":"","neve_meta_disable_title":"","footnotes":""},"class_list":["post-311","page","type-page","status-publish","hentry"],"yoast_head":"<!-- This site is optimized with the Yoast SEO plugin v27.5 - https:\/\/yoast.com\/product\/yoast-seo-wordpress\/ -->\n<title>Maroon think Formulario de contacto<\/title>\n<meta name=\"description\" content=\"En esta p\u00e1gina te ofrezco distintas soluciones que tengo para ayudarte a solucionar tus dolores de espalda y ponerte en forma.\" \/>\n<meta name=\"robots\" content=\"index, follow, max-snippet:-1, max-image-preview:large, max-video-preview:-1\" \/>\n<link rel=\"canonical\" href=\"https:\/\/maroonthink.es\/index.php\/formulario-contacto\/\" \/>\n<meta property=\"og:locale\" content=\"es_ES\" \/>\n<meta property=\"og:type\" content=\"article\" \/>\n<meta property=\"og:title\" content=\"Maroon think Formulario de contacto\" \/>\n<meta property=\"og:description\" content=\"En esta p\u00e1gina te ofrezco distintas soluciones que tengo para ayudarte a solucionar tus dolores de espalda y ponerte en forma.\" \/>\n<meta property=\"og:url\" content=\"https:\/\/maroonthink.es\/index.php\/formulario-contacto\/\" \/>\n<meta property=\"og:site_name\" content=\"Maroon think\" \/>\n<meta property=\"article:modified_time\" content=\"2023-12-16T16:36:30+00:00\" \/>\n<meta property=\"og:image\" content=\"https:\/\/maroonthink.es\/wp-content\/uploads\/2023\/08\/png1-01-300x225.png\" \/>\n<meta name=\"twitter:card\" content=\"summary_large_image\" \/>\n<meta name=\"twitter:label1\" content=\"Tiempo de lectura\" \/>\n\t<meta name=\"twitter:data1\" content=\"2 minutos\" \/>\n<script type=\"application\/ld+json\" class=\"yoast-schema-graph\">{\"@context\":\"https:\\\/\\\/schema.org\",\"@graph\":[{\"@type\":\"WebPage\",\"@id\":\"https:\\\/\\\/maroonthink.es\\\/index.php\\\/formulario-contacto\\\/\",\"url\":\"https:\\\/\\\/maroonthink.es\\\/index.php\\\/formulario-contacto\\\/\",\"name\":\"Maroon think Formulario de contacto\",\"isPartOf\":{\"@id\":\"https:\\\/\\\/maroonthink.es\\\/#website\"},\"primaryImageOfPage\":{\"@id\":\"https:\\\/\\\/maroonthink.es\\\/index.php\\\/formulario-contacto\\\/#primaryimage\"},\"image\":{\"@id\":\"https:\\\/\\\/maroonthink.es\\\/index.php\\\/formulario-contacto\\\/#primaryimage\"},\"thumbnailUrl\":\"https:\\\/\\\/maroonthink.es\\\/wp-content\\\/uploads\\\/2023\\\/08\\\/png1-01-300x225.png\",\"datePublished\":\"2023-08-17T13:43:56+00:00\",\"dateModified\":\"2023-12-16T16:36:30+00:00\",\"description\":\"En esta p\u00e1gina te ofrezco distintas soluciones que tengo para ayudarte a solucionar tus dolores de espalda y ponerte en forma.\",\"breadcrumb\":{\"@id\":\"https:\\\/\\\/maroonthink.es\\\/index.php\\\/formulario-contacto\\\/#breadcrumb\"},\"inLanguage\":\"es\",\"potentialAction\":[{\"@type\":\"ReadAction\",\"target\":[\"https:\\\/\\\/maroonthink.es\\\/index.php\\\/formulario-contacto\\\/\"]}]},{\"@type\":\"ImageObject\",\"inLanguage\":\"es\",\"@id\":\"https:\\\/\\\/maroonthink.es\\\/index.php\\\/formulario-contacto\\\/#primaryimage\",\"url\":\"https:\\\/\\\/maroonthink.es\\\/wp-content\\\/uploads\\\/2023\\\/08\\\/png1-01.png\",\"contentUrl\":\"https:\\\/\\\/maroonthink.es\\\/wp-content\\\/uploads\\\/2023\\\/08\\\/png1-01.png\",\"width\":5000,\"height\":3750},{\"@type\":\"BreadcrumbList\",\"@id\":\"https:\\\/\\\/maroonthink.es\\\/index.php\\\/formulario-contacto\\\/#breadcrumb\",\"itemListElement\":[{\"@type\":\"ListItem\",\"position\":1,\"name\":\"Portada\",\"item\":\"https:\\\/\\\/maroonthink.es\\\/\"},{\"@type\":\"ListItem\",\"position\":2,\"name\":\"Formulario de contacto\"}]},{\"@type\":\"WebSite\",\"@id\":\"https:\\\/\\\/maroonthink.es\\\/#website\",\"url\":\"https:\\\/\\\/maroonthink.es\\\/\",\"name\":\"Maroon think\",\"description\":\"Estudio de entrenamiento personal en torrellano (Elche)\",\"publisher\":{\"@id\":\"https:\\\/\\\/maroonthink.es\\\/#organization\"},\"potentialAction\":[{\"@type\":\"SearchAction\",\"target\":{\"@type\":\"EntryPoint\",\"urlTemplate\":\"https:\\\/\\\/maroonthink.es\\\/?s={search_term_string}\"},\"query-input\":{\"@type\":\"PropertyValueSpecification\",\"valueRequired\":true,\"valueName\":\"search_term_string\"}}],\"inLanguage\":\"es\"},{\"@type\":\"Organization\",\"@id\":\"https:\\\/\\\/maroonthink.es\\\/#organization\",\"name\":\"Maroon think\",\"url\":\"https:\\\/\\\/maroonthink.es\\\/\",\"logo\":{\"@type\":\"ImageObject\",\"inLanguage\":\"es\",\"@id\":\"https:\\\/\\\/maroonthink.es\\\/#\\\/schema\\\/logo\\\/image\\\/\",\"url\":\"https:\\\/\\\/maroonthink.es\\\/wp-content\\\/uploads\\\/2023\\\/03\\\/3-e1679593092596.jpg\",\"contentUrl\":\"https:\\\/\\\/maroonthink.es\\\/wp-content\\\/uploads\\\/2023\\\/03\\\/3-e1679593092596.jpg\",\"width\":1200,\"height\":213,\"caption\":\"Maroon think\"},\"image\":{\"@id\":\"https:\\\/\\\/maroonthink.es\\\/#\\\/schema\\\/logo\\\/image\\\/\"}}]}<\/script>\n<!-- \/ Yoast SEO plugin. -->","yoast_head_json":{"title":"Maroon think Formulario de contacto","description":"En esta p\u00e1gina te ofrezco distintas soluciones que tengo para ayudarte a solucionar tus dolores de espalda y ponerte en forma.","robots":{"index":"index","follow":"follow","max-snippet":"max-snippet:-1","max-image-preview":"max-image-preview:large","max-video-preview":"max-video-preview:-1"},"canonical":"https:\/\/maroonthink.es\/index.php\/formulario-contacto\/","og_locale":"es_ES","og_type":"article","og_title":"Maroon think Formulario de contacto","og_description":"En esta p\u00e1gina te ofrezco distintas soluciones que tengo para ayudarte a solucionar tus dolores de espalda y ponerte en forma.","og_url":"https:\/\/maroonthink.es\/index.php\/formulario-contacto\/","og_site_name":"Maroon think","article_modified_time":"2023-12-16T16:36:30+00:00","og_image":[{"url":"https:\/\/maroonthink.es\/wp-content\/uploads\/2023\/08\/png1-01-300x225.png","type":"","width":"","height":""}],"twitter_card":"summary_large_image","twitter_misc":{"Tiempo de lectura":"2 minutos"},"schema":{"@context":"https:\/\/schema.org","@graph":[{"@type":"WebPage","@id":"https:\/\/maroonthink.es\/index.php\/formulario-contacto\/","url":"https:\/\/maroonthink.es\/index.php\/formulario-contacto\/","name":"Maroon think Formulario de contacto","isPartOf":{"@id":"https:\/\/maroonthink.es\/#website"},"primaryImageOfPage":{"@id":"https:\/\/maroonthink.es\/index.php\/formulario-contacto\/#primaryimage"},"image":{"@id":"https:\/\/maroonthink.es\/index.php\/formulario-contacto\/#primaryimage"},"thumbnailUrl":"https:\/\/maroonthink.es\/wp-content\/uploads\/2023\/08\/png1-01-300x225.png","datePublished":"2023-08-17T13:43:56+00:00","dateModified":"2023-12-16T16:36:30+00:00","description":"En esta p\u00e1gina te ofrezco distintas soluciones que tengo para ayudarte a solucionar tus dolores de espalda y ponerte en forma.","breadcrumb":{"@id":"https:\/\/maroonthink.es\/index.php\/formulario-contacto\/#breadcrumb"},"inLanguage":"es","potentialAction":[{"@type":"ReadAction","target":["https:\/\/maroonthink.es\/index.php\/formulario-contacto\/"]}]},{"@type":"ImageObject","inLanguage":"es","@id":"https:\/\/maroonthink.es\/index.php\/formulario-contacto\/#primaryimage","url":"https:\/\/maroonthink.es\/wp-content\/uploads\/2023\/08\/png1-01.png","contentUrl":"https:\/\/maroonthink.es\/wp-content\/uploads\/2023\/08\/png1-01.png","width":5000,"height":3750},{"@type":"BreadcrumbList","@id":"https:\/\/maroonthink.es\/index.php\/formulario-contacto\/#breadcrumb","itemListElement":[{"@type":"ListItem","position":1,"name":"Portada","item":"https:\/\/maroonthink.es\/"},{"@type":"ListItem","position":2,"name":"Formulario de contacto"}]},{"@type":"WebSite","@id":"https:\/\/maroonthink.es\/#website","url":"https:\/\/maroonthink.es\/","name":"Maroon think","description":"Estudio de entrenamiento personal en torrellano (Elche)","publisher":{"@id":"https:\/\/maroonthink.es\/#organization"},"potentialAction":[{"@type":"SearchAction","target":{"@type":"EntryPoint","urlTemplate":"https:\/\/maroonthink.es\/?s={search_term_string}"},"query-input":{"@type":"PropertyValueSpecification","valueRequired":true,"valueName":"search_term_string"}}],"inLanguage":"es"},{"@type":"Organization","@id":"https:\/\/maroonthink.es\/#organization","name":"Maroon think","url":"https:\/\/maroonthink.es\/","logo":{"@type":"ImageObject","inLanguage":"es","@id":"https:\/\/maroonthink.es\/#\/schema\/logo\/image\/","url":"https:\/\/maroonthink.es\/wp-content\/uploads\/2023\/03\/3-e1679593092596.jpg","contentUrl":"https:\/\/maroonthink.es\/wp-content\/uploads\/2023\/03\/3-e1679593092596.jpg","width":1200,"height":213,"caption":"Maroon think"},"image":{"@id":"https:\/\/maroonthink.es\/#\/schema\/logo\/image\/"}}]}},"_links":{"self":[{"href":"https:\/\/maroonthink.es\/index.php\/wp-json\/wp\/v2\/pages\/311","targetHints":{"allow":["GET"]}}],"collection":[{"href":"https:\/\/maroonthink.es\/index.php\/wp-json\/wp\/v2\/pages"}],"about":[{"href":"https:\/\/maroonthink.es\/index.php\/wp-json\/wp\/v2\/types\/page"}],"author":[{"embeddable":true,"href":"https:\/\/maroonthink.es\/index.php\/wp-json\/wp\/v2\/users\/1"}],"replies":[{"embeddable":true,"href":"https:\/\/maroonthink.es\/index.php\/wp-json\/wp\/v2\/comments?post=311"}],"version-history":[{"count":62,"href":"https:\/\/maroonthink.es\/index.php\/wp-json\/wp\/v2\/pages\/311\/revisions"}],"predecessor-version":[{"id":469,"href":"https:\/\/maroonthink.es\/index.php\/wp-json\/wp\/v2\/pages\/311\/revisions\/469"}],"wp:attachment":[{"href":"https:\/\/maroonthink.es\/index.php\/wp-json\/wp\/v2\/media?parent=311"}],"curies":[{"name":"wp","href":"https:\/\/api.w.org\/{rel}","templated":true}]}}