{"id":3,"date":"2023-01-25T12:32:10","date_gmt":"2023-01-25T12:32:10","guid":{"rendered":"http:\/\/maroonthink.es\/?page_id=3"},"modified":"2023-04-01T08:48:05","modified_gmt":"2023-04-01T08:48:05","slug":"politica-privacidad","status":"publish","type":"page","link":"https:\/\/maroonthink.es\/index.php\/politica-privacidad\/","title":{"rendered":"Pol\u00edtica de privacidad"},"content":{"rendered":"\t\t<div data-elementor-type=\"wp-page\" data-elementor-id=\"3\" class=\"elementor elementor-3\">\n\t\t\t\t\t\t<section class=\"elementor-section elementor-top-section elementor-element elementor-element-826d816 elementor-section-boxed elementor-section-height-default elementor-section-height-default\" data-id=\"826d816\" data-element_type=\"section\" data-e-type=\"section\">\n\t\t\t\t\t\t<div class=\"elementor-container elementor-column-gap-default\">\n\t\t\t\t\t<div class=\"elementor-column elementor-col-100 elementor-top-column elementor-element elementor-element-1205bbd\" data-id=\"1205bbd\" data-element_type=\"column\" data-e-type=\"column\">\n\t\t\t<div class=\"elementor-widget-wrap elementor-element-populated\">\n\t\t\t\t\t\t<div class=\"elementor-element elementor-element-c450879 elementor-widget elementor-widget-spacer\" data-id=\"c450879\" data-element_type=\"widget\" data-e-type=\"widget\" data-widget_type=\"spacer.default\">\n\t\t\t\t<div class=\"elementor-widget-container\">\n\t\t\t\t\t\t\t<div class=\"elementor-spacer\">\n\t\t\t<div class=\"elementor-spacer-inner\"><\/div>\n\t\t<\/div>\n\t\t\t\t\t\t<\/div>\n\t\t\t\t<\/div>\n\t\t\t\t<div class=\"elementor-element elementor-element-d0268f8 elementor-widget elementor-widget-heading\" data-id=\"d0268f8\" data-element_type=\"widget\" data-e-type=\"widget\" data-widget_type=\"heading.default\">\n\t\t\t\t<div class=\"elementor-widget-container\">\n\t\t\t\t\t<h2 class=\"elementor-heading-title elementor-size-default\">Pol\u00edtica de privacidad<br><\/h2>\t\t\t\t<\/div>\n\t\t\t\t<\/div>\n\t\t\t\t<div class=\"elementor-element elementor-element-ce7557a elementor-widget elementor-widget-spacer\" data-id=\"ce7557a\" data-element_type=\"widget\" data-e-type=\"widget\" data-widget_type=\"spacer.default\">\n\t\t\t\t<div class=\"elementor-widget-container\">\n\t\t\t\t\t\t\t<div class=\"elementor-spacer\">\n\t\t\t<div class=\"elementor-spacer-inner\"><\/div>\n\t\t<\/div>\n\t\t\t\t\t\t<\/div>\n\t\t\t\t<\/div>\n\t\t\t\t<div class=\"elementor-element elementor-element-f1af54a elementor-widget elementor-widget-text-editor\" data-id=\"f1af54a\" data-element_type=\"widget\" data-e-type=\"widget\" data-widget_type=\"text-editor.default\">\n\t\t\t\t<div class=\"elementor-widget-container\">\n\t\t\t\t\t\t\t\t\t<ul>\n<li><b>Denominaci\u00f3n social: MANUEL CA\u00d1ADAS ARANEGA<\/b><\/li>\n<li><span style=\"font-weight: 400;\">\u00a0<\/span><b>NIF 20078482B<\/b><\/li>\n<li><span style=\"font-weight: 400;\">\u00a0<\/span><b style=\"font-size: var(--bodyfontsize); letter-spacing: var(--bodyletterspacing); text-transform: var(--bodytexttransform);\">Domicilio social: C\/ Astronautas, n\u00ba24, 03320, Torrellano (Alicante)<\/b><\/li>\n<li><b>Correo electr\u00f3nico:<\/b><span>\u00a0<\/span><b>manuel.canara.ep@gmail.com<\/b><\/li>\n<li><b>Tel\u00e9fono: 697848699<\/b><\/li>\n<\/ul>\n<p><span style=\"font-weight: 400;\">De conformidad con lo dispuesto en la Ley Org\u00e1nica de Protecci\u00f3n de Datos de Car\u00e1cter Personal y Garant\u00eda de los Derechos Digitales (LOPDGDD) y el Reglamento (UE) 2016\/679, el responsable del sitio web informa a todos los usuarios:<\/span><\/p>\n<p><span style=\"font-weight: 400;\">Los usuarios, aceptan de forma libre e inequ\u00edvoca que sus datos personales sean tratados por parte del prestador para realizar las siguientes finalidades:<\/span><\/p>\n<ul>\n<li aria-level=\"1\"><span style=\"font-weight: 400;\">Tramitar encargos, solicitudes o cualquier tipo de petici\u00f3n que sea realizada por el usuario a trav\u00e9s de cualquiera de las formas de contacto que se ponen a disposici\u00f3n del usuario en la web<\/span><\/li>\n<\/ul>\n<p><span style=\"font-weight: 400;\">Al ponerse en contacto con nosotros por medio de Whatsapp le informamos que esta aplicaci\u00f3n puede compartir sus datos con la red social Facebook.<\/span><\/p>\n<p><span style=\"font-weight: 400;\">Sus datos podr\u00e1n ser cedidos a otras entidades que sea necesario para el desarrollo del servicio que ofrece MANUEL CA\u00d1ADAS ARANEGA.<\/span><\/p>\n<p><span style=\"font-weight: 400;\">Los datos solicitados a trav\u00e9s del sitio web son necesarios para la prestaci\u00f3n de un servicio \u00f3ptimo al usuario. En caso de que no sean facilitados todos los datos, el prestador no garantiza que la informaci\u00f3n y servicios facilitados sean completamente ajustados a sus necesidades.<\/span><\/p>\n<p><span style=\"font-weight: 400;\">Del mismo modo, el prestador ha adoptado todas las medidas t\u00e9cnicas y de organizaci\u00f3n necesarias para garantizar la seguridad e integridad de los datos de car\u00e1cter personal que trate, as\u00ed como para evitar su p\u00e9rdida, alteraci\u00f3n y\/o acceso por parte de terceros no autorizados.<\/span><\/p>\n<p>\u00a0<\/p>\n<p><b>SEGURIDAD<\/b><\/p>\n<p><span style=\"font-weight: 400;\">Todo proceso que conlleve la introducci\u00f3n de datos personales ser\u00e1 siempre transmitidos mediante protocolo de comunicaci\u00f3n segura (Https:\/\/,\u2026), de tal forma que ning\u00fan tercero tenga acceso a la informaci\u00f3n transmitida v\u00eda electr\u00f3nica.<\/span><\/p>\n<p>\u00a0<\/p>\n<p><b>INFORMACI\u00d3N PROTECCI\u00d3N DE DATOS RGPD<\/b><\/p>\n<table style=\"height: 2504px;\" width=\"402\">\n<tbody>\n<tr>\n<td>\n<p><b><i>\u201cResponsable\u201d<\/i><\/b><\/p>\n<p><span style=\"font-weight: 400;\">(del tratamiento)<\/span><\/p>\n<\/td>\n<td>\n<ul>\n<li style=\"font-weight: 400;\" aria-level=\"1\"><span style=\"font-weight: 400;\">MANUEL CA\u00d1ADAS ARANEGA\u00a0\u00a0<\/span><\/li>\n<li style=\"font-weight: 400;\" aria-level=\"1\"><span style=\"font-weight: 400;\">NIF 20078482B<\/span><\/li>\n<li style=\"font-weight: 400;\" aria-level=\"1\"><span style=\"font-weight: 400;\">CALLE ASTRONAUTAS N\u00ba24, 03320, TORELLANO (ALICANTE)<\/span><\/li>\n<li style=\"font-weight: 400;\" aria-level=\"1\"><span style=\"font-weight: 400;\">TEL: 697848699<\/span><\/li>\n<li style=\"font-weight: 400;\" aria-level=\"1\"><span style=\"font-weight: 400;\">E-mail: manuel.canara.ep@gmail.com<\/span><\/li>\n<\/ul>\n<\/td>\n<\/tr>\n<tr>\n<td>\n<p><b><i>\u201cFinalidad\u201d<\/i><\/b><\/p>\n<p><span style=\"font-weight: 400;\">(del tratamiento)<\/span><\/p>\n<\/td>\n<td>\n<ul>\n<li style=\"font-weight: 400;\" aria-level=\"1\"><span style=\"font-weight: 400;\">Gesti\u00f3n de los clientes \/ usuarios<\/span><\/li>\n<\/ul>\n<ul>\n<li style=\"font-weight: 400;\" aria-level=\"1\"><span style=\"font-weight: 400;\">Los datos personales proporcionados se conservar\u00e1n mientras no se solicite su supresi\u00f3n por el interesado o dejen de ser necesarios o pertinentes.<\/span><\/li>\n<li style=\"font-weight: 400;\" aria-level=\"1\"><span style=\"font-weight: 400;\">No se tomar\u00e1n decisiones automatizadas en base a perfiles.<\/span><\/li>\n<\/ul>\n<\/td>\n<\/tr>\n<tr>\n<td>\n<p><b><i>\u201cLegitimaci\u00f3n\u201d<\/i><\/b><\/p>\n<p><span style=\"font-weight: 400;\">(del tratamiento)<\/span><\/p>\n<\/td>\n<td>\n<ul>\n<li style=\"font-weight: 400;\" aria-level=\"1\"><span style=\"font-weight: 400;\">Inter\u00e9s leg\u00edtimo del responsable: realizaci\u00f3n del servicio solicitado.<\/span><\/li>\n<li style=\"font-weight: 400;\" aria-level=\"1\"><span style=\"font-weight: 400;\">Consentimiento del interesado<\/span><\/li>\n<li style=\"font-weight: 400;\" aria-level=\"1\"><span style=\"font-weight: 400;\">Los datos que se le solicitan resultan necesarios para realizar la acci\u00f3n solicitada, de manera que de no facilitarse no ser\u00e1 posible la prestaci\u00f3n del servicio o solicitud, en este sentido, usted consiente expresamente la recogida y el tratamiento de los mismos para las citadas finalidades.<\/span><\/li>\n<\/ul>\n<\/td>\n<\/tr>\n<tr>\n<td>\n<p><b><i>\u201cDestinatarios\u201d<\/i><\/b><\/p>\n<p><span style=\"font-weight: 400;\">(de cesiones o<\/span><\/p>\n<p><span style=\"font-weight: 400;\">transferencias)<\/span><\/p>\n<\/td>\n<td>\n<ul>\n<li style=\"font-weight: 400;\" aria-level=\"1\"><span style=\"font-weight: 400;\">No se ceden datos a terceros, salvo obligaci\u00f3n legal o autorizaci\u00f3n expresa del interesado.<\/span><\/li>\n<\/ul>\n<ul>\n<li style=\"font-weight: 400;\" aria-level=\"1\"><span style=\"font-weight: 400;\">Se puede transferir datos a terceros pa\u00edses por el alojamiento de los correos electr\u00f3nicos de Gmail en Google.\u00a0 <\/span><span style=\"font-weight: 400;\">Google proporciona almacenamiento en la nube y cuenta con varias herramientas de gesti\u00f3n de correo electr\u00f3nico, ofim\u00e1tica o gesti\u00f3n de la agenda<\/span><span style=\"font-weight: 400;\">. Google cumplen\u00a0 con el marco Privacy Shield entre los EE.\u00a0UU. y la U.E. EE.UU no proporciona un nivel de protecci\u00f3n sustancialmente equivalente al garantizado en la UE<\/span><\/li>\n<\/ul>\n<ul>\n<li style=\"font-weight: 400;\" aria-level=\"1\"><span style=\"font-weight: 400;\">Sus datos podr\u00e1n ser cedidos a encargados del tratamiento.<\/span><\/li>\n<li style=\"font-weight: 400;\" aria-level=\"1\"><span style=\"font-weight: 400;\">Encargados del tratamiento:<\/span><\/li>\n<li style=\"font-weight: 400;\" aria-level=\"1\"><span style=\"font-weight: 400;\">Empresa donde se aloja la web y los correos electr\u00f3nicos.<\/span><\/li>\n<\/ul>\n<\/td>\n<\/tr>\n<tr>\n<td>\n<p><b><i>\u201cDerechos\u201d<\/i><\/b><\/p>\n<p><span style=\"font-weight: 400;\">(de las<\/span><\/p>\n<p><span style=\"font-weight: 400;\">personas<\/span><\/p>\n<p><span style=\"font-weight: 400;\">interesadas)<\/span><\/p>\n<\/td>\n<td>\n<ul>\n<li style=\"font-weight: 400;\" aria-level=\"1\"><span style=\"font-weight: 400;\">Derecho a solicitar el acceso a los datos personales relativos al interesado.<\/span><\/li>\n<li style=\"font-weight: 400;\" aria-level=\"1\"><span style=\"font-weight: 400;\">Derecho a solicitar su rectificaci\u00f3n o supresi\u00f3n.<\/span><\/li>\n<li style=\"font-weight: 400;\" aria-level=\"1\"><span style=\"font-weight: 400;\">Derecho a solicitar la limitaci\u00f3n u oposici\u00f3n de su tratamiento.\u00a0<\/span><\/li>\n<li style=\"font-weight: 400;\" aria-level=\"1\"><span style=\"font-weight: 400;\">Derecho a retirar el consentimiento prestado.<\/span><\/li>\n<\/ul>\n<ul>\n<li style=\"font-weight: 400;\" aria-level=\"1\"><span style=\"font-weight: 400;\">Derecho a la portabilidad de los datos.<\/span><\/li>\n<li style=\"font-weight: 400;\" aria-level=\"1\"><span style=\"font-weight: 400;\">Derecho a reclamar ante la Autoridad de Control<\/span><\/li>\n<li style=\"font-weight: 400;\" aria-level=\"1\"><span style=\"font-weight: 400;\">Existe un sistema de denuncias internas sobre actos o conductas que puedan resultar contrarias a la normativa con el fin de corregir dichos actos o conductas.<\/span><\/li>\n<li style=\"font-weight: 400;\" aria-level=\"1\"><span style=\"font-weight: 400;\">Puede ejercer sus derechos en la siguiente direcci\u00f3n de correo electr\u00f3nico: manuel.canara.ep@gmail.com<\/span><\/li>\n<\/ul>\n<\/td>\n<\/tr>\n<tr>\n<td>\n<p><b><i>\u201cProcedencia\u201d<\/i><\/b><\/p>\n<p><span style=\"font-weight: 400;\">(de los datos)<\/span><\/p>\n<\/td>\n<td>\n<ul>\n<li style=\"font-weight: 400;\" aria-level=\"1\"><span style=\"font-weight: 400;\">Los datos proceden del interesado.<\/span><\/li>\n<li style=\"font-weight: 400;\" aria-level=\"1\"><span style=\"font-weight: 400;\">Categor\u00eda de datos: Clientes; Usuarios; Personas de contacto<\/span><\/li>\n<\/ul>\n<\/td>\n<\/tr>\n<\/tbody>\n<\/table>\n<p><span style=\"font-weight: 400;\">Pol\u00edtica de privacidad revisada enero 2023<\/span><\/p>\n<p>\u00a0<\/p>\t\t\t\t\t\t\t\t<\/div>\n\t\t\t\t<\/div>\n\t\t\t\t\t<\/div>\n\t\t<\/div>\n\t\t\t\t\t<\/div>\n\t\t<\/section>\n\t\t\t\t<\/div>\n\t\t","protected":false},"excerpt":{"rendered":"<p>Pol\u00edtica de privacidad Denominaci\u00f3n social: MANUEL CA\u00d1ADAS ARANEGA &nbsp;NIF 20078482B &nbsp;Domicilio social: C\/ Astronautas, n\u00ba24, 03320, Torrellano (Alicante) Correo electr\u00f3nico:&nbsp;manuel.canara.ep@gmail.com Tel\u00e9fono: 697848699 De conformidad con lo dispuesto en la Ley Org\u00e1nica de Protecci\u00f3n de Datos de Car\u00e1cter Personal y Garant\u00eda de los Derechos Digitales (LOPDGDD) y el Reglamento (UE) 2016\/679, el responsable del sitio web&hellip;&nbsp;<a href=\"https:\/\/maroonthink.es\/index.php\/politica-privacidad\/\" class=\"\" rel=\"bookmark\">Leer m\u00e1s &raquo;<span class=\"screen-reader-text\">Pol\u00edtica de privacidad<\/span><\/a><\/p>\n","protected":false},"author":1,"featured_media":0,"parent":0,"menu_order":0,"comment_status":"closed","ping_status":"closed","template":"page-templates\/template-pagebuilder-full-width.php","meta":{"neve_meta_sidebar":"","neve_meta_container":"","neve_meta_enable_content_width":"","neve_meta_content_width":0,"neve_meta_title_alignment":"","neve_meta_author_avatar":"","neve_post_elements_order":"","neve_meta_disable_header":"","neve_meta_disable_footer":"","neve_meta_disable_title":"","footnotes":""},"class_list":["post-3","page","type-page","status-publish","hentry"],"yoast_head":"<!-- This site is optimized with the Yoast SEO plugin v27.6 - https:\/\/yoast.com\/product\/yoast-seo-wordpress\/ -->\n<title>Pol\u00edtica de privacidad - Maroon think<\/title>\n<meta name=\"robots\" content=\"noindex, nofollow\" \/>\n<meta property=\"og:locale\" content=\"es_ES\" \/>\n<meta property=\"og:type\" content=\"article\" \/>\n<meta property=\"og:title\" content=\"Pol\u00edtica de privacidad - Maroon think\" \/>\n<meta property=\"og:description\" content=\"Pol\u00edtica de privacidad Denominaci\u00f3n social: MANUEL CA\u00d1ADAS ARANEGA &nbsp;NIF 20078482B &nbsp;Domicilio social: C\/ Astronautas, n\u00ba24, 03320, Torrellano (Alicante) Correo electr\u00f3nico:&nbsp;manuel.canara.ep@gmail.com Tel\u00e9fono: 697848699 De conformidad con lo dispuesto en la Ley Org\u00e1nica de Protecci\u00f3n de Datos de Car\u00e1cter Personal y Garant\u00eda de los Derechos Digitales (LOPDGDD) y el Reglamento (UE) 2016\/679, el responsable del sitio web&hellip;&nbsp;Leer m\u00e1s &raquo;Pol\u00edtica de privacidad\" \/>\n<meta property=\"og:url\" content=\"https:\/\/maroonthink.es\/index.php\/politica-privacidad\/\" \/>\n<meta property=\"og:site_name\" content=\"Maroon think\" \/>\n<meta property=\"article:modified_time\" content=\"2023-04-01T08:48:05+00:00\" \/>\n<meta name=\"twitter:card\" content=\"summary_large_image\" \/>\n<meta name=\"twitter:label1\" content=\"Tiempo de lectura\" \/>\n\t<meta name=\"twitter:data1\" content=\"3 minutos\" \/>\n<script type=\"application\/ld+json\" class=\"yoast-schema-graph\">{\"@context\":\"https:\\\/\\\/schema.org\",\"@graph\":[{\"@type\":\"WebPage\",\"@id\":\"https:\\\/\\\/maroonthink.es\\\/index.php\\\/politica-privacidad\\\/\",\"url\":\"https:\\\/\\\/maroonthink.es\\\/index.php\\\/politica-privacidad\\\/\",\"name\":\"Pol\u00edtica de privacidad - Maroon think\",\"isPartOf\":{\"@id\":\"https:\\\/\\\/maroonthink.es\\\/#website\"},\"datePublished\":\"2023-01-25T12:32:10+00:00\",\"dateModified\":\"2023-04-01T08:48:05+00:00\",\"breadcrumb\":{\"@id\":\"https:\\\/\\\/maroonthink.es\\\/index.php\\\/politica-privacidad\\\/#breadcrumb\"},\"inLanguage\":\"es\",\"potentialAction\":[{\"@type\":\"ReadAction\",\"target\":[\"https:\\\/\\\/maroonthink.es\\\/index.php\\\/politica-privacidad\\\/\"]}]},{\"@type\":\"BreadcrumbList\",\"@id\":\"https:\\\/\\\/maroonthink.es\\\/index.php\\\/politica-privacidad\\\/#breadcrumb\",\"itemListElement\":[{\"@type\":\"ListItem\",\"position\":1,\"name\":\"Portada\",\"item\":\"https:\\\/\\\/maroonthink.es\\\/\"},{\"@type\":\"ListItem\",\"position\":2,\"name\":\"Pol\u00edtica de privacidad\"}]},{\"@type\":\"WebSite\",\"@id\":\"https:\\\/\\\/maroonthink.es\\\/#website\",\"url\":\"https:\\\/\\\/maroonthink.es\\\/\",\"name\":\"Maroon think\",\"description\":\"Estudio de entrenamiento personal en torrellano (Elche)\",\"publisher\":{\"@id\":\"https:\\\/\\\/maroonthink.es\\\/#organization\"},\"potentialAction\":[{\"@type\":\"SearchAction\",\"target\":{\"@type\":\"EntryPoint\",\"urlTemplate\":\"https:\\\/\\\/maroonthink.es\\\/?s={search_term_string}\"},\"query-input\":{\"@type\":\"PropertyValueSpecification\",\"valueRequired\":true,\"valueName\":\"search_term_string\"}}],\"inLanguage\":\"es\"},{\"@type\":\"Organization\",\"@id\":\"https:\\\/\\\/maroonthink.es\\\/#organization\",\"name\":\"Maroon think\",\"url\":\"https:\\\/\\\/maroonthink.es\\\/\",\"logo\":{\"@type\":\"ImageObject\",\"inLanguage\":\"es\",\"@id\":\"https:\\\/\\\/maroonthink.es\\\/#\\\/schema\\\/logo\\\/image\\\/\",\"url\":\"https:\\\/\\\/maroonthink.es\\\/wp-content\\\/uploads\\\/2023\\\/03\\\/3-e1679593092596.jpg\",\"contentUrl\":\"https:\\\/\\\/maroonthink.es\\\/wp-content\\\/uploads\\\/2023\\\/03\\\/3-e1679593092596.jpg\",\"width\":1200,\"height\":213,\"caption\":\"Maroon think\"},\"image\":{\"@id\":\"https:\\\/\\\/maroonthink.es\\\/#\\\/schema\\\/logo\\\/image\\\/\"}}]}<\/script>\n<!-- \/ Yoast SEO plugin. -->","yoast_head_json":{"title":"Pol\u00edtica de privacidad - Maroon think","robots":{"index":"noindex","follow":"nofollow"},"og_locale":"es_ES","og_type":"article","og_title":"Pol\u00edtica de privacidad - Maroon think","og_description":"Pol\u00edtica de privacidad Denominaci\u00f3n social: MANUEL CA\u00d1ADAS ARANEGA &nbsp;NIF 20078482B &nbsp;Domicilio social: C\/ Astronautas, n\u00ba24, 03320, Torrellano (Alicante) Correo electr\u00f3nico:&nbsp;manuel.canara.ep@gmail.com Tel\u00e9fono: 697848699 De conformidad con lo dispuesto en la Ley Org\u00e1nica de Protecci\u00f3n de Datos de Car\u00e1cter Personal y Garant\u00eda de los Derechos Digitales (LOPDGDD) y el Reglamento (UE) 2016\/679, el responsable del sitio web&hellip;&nbsp;Leer m\u00e1s &raquo;Pol\u00edtica de privacidad","og_url":"https:\/\/maroonthink.es\/index.php\/politica-privacidad\/","og_site_name":"Maroon think","article_modified_time":"2023-04-01T08:48:05+00:00","twitter_card":"summary_large_image","twitter_misc":{"Tiempo de lectura":"3 minutos"},"schema":{"@context":"https:\/\/schema.org","@graph":[{"@type":"WebPage","@id":"https:\/\/maroonthink.es\/index.php\/politica-privacidad\/","url":"https:\/\/maroonthink.es\/index.php\/politica-privacidad\/","name":"Pol\u00edtica de privacidad - Maroon think","isPartOf":{"@id":"https:\/\/maroonthink.es\/#website"},"datePublished":"2023-01-25T12:32:10+00:00","dateModified":"2023-04-01T08:48:05+00:00","breadcrumb":{"@id":"https:\/\/maroonthink.es\/index.php\/politica-privacidad\/#breadcrumb"},"inLanguage":"es","potentialAction":[{"@type":"ReadAction","target":["https:\/\/maroonthink.es\/index.php\/politica-privacidad\/"]}]},{"@type":"BreadcrumbList","@id":"https:\/\/maroonthink.es\/index.php\/politica-privacidad\/#breadcrumb","itemListElement":[{"@type":"ListItem","position":1,"name":"Portada","item":"https:\/\/maroonthink.es\/"},{"@type":"ListItem","position":2,"name":"Pol\u00edtica de privacidad"}]},{"@type":"WebSite","@id":"https:\/\/maroonthink.es\/#website","url":"https:\/\/maroonthink.es\/","name":"Maroon think","description":"Estudio de entrenamiento personal en torrellano (Elche)","publisher":{"@id":"https:\/\/maroonthink.es\/#organization"},"potentialAction":[{"@type":"SearchAction","target":{"@type":"EntryPoint","urlTemplate":"https:\/\/maroonthink.es\/?s={search_term_string}"},"query-input":{"@type":"PropertyValueSpecification","valueRequired":true,"valueName":"search_term_string"}}],"inLanguage":"es"},{"@type":"Organization","@id":"https:\/\/maroonthink.es\/#organization","name":"Maroon think","url":"https:\/\/maroonthink.es\/","logo":{"@type":"ImageObject","inLanguage":"es","@id":"https:\/\/maroonthink.es\/#\/schema\/logo\/image\/","url":"https:\/\/maroonthink.es\/wp-content\/uploads\/2023\/03\/3-e1679593092596.jpg","contentUrl":"https:\/\/maroonthink.es\/wp-content\/uploads\/2023\/03\/3-e1679593092596.jpg","width":1200,"height":213,"caption":"Maroon think"},"image":{"@id":"https:\/\/maroonthink.es\/#\/schema\/logo\/image\/"}}]}},"_links":{"self":[{"href":"https:\/\/maroonthink.es\/index.php\/wp-json\/wp\/v2\/pages\/3","targetHints":{"allow":["GET"]}}],"collection":[{"href":"https:\/\/maroonthink.es\/index.php\/wp-json\/wp\/v2\/pages"}],"about":[{"href":"https:\/\/maroonthink.es\/index.php\/wp-json\/wp\/v2\/types\/page"}],"author":[{"embeddable":true,"href":"https:\/\/maroonthink.es\/index.php\/wp-json\/wp\/v2\/users\/1"}],"replies":[{"embeddable":true,"href":"https:\/\/maroonthink.es\/index.php\/wp-json\/wp\/v2\/comments?post=3"}],"version-history":[{"count":35,"href":"https:\/\/maroonthink.es\/index.php\/wp-json\/wp\/v2\/pages\/3\/revisions"}],"predecessor-version":[{"id":257,"href":"https:\/\/maroonthink.es\/index.php\/wp-json\/wp\/v2\/pages\/3\/revisions\/257"}],"wp:attachment":[{"href":"https:\/\/maroonthink.es\/index.php\/wp-json\/wp\/v2\/media?parent=3"}],"curies":[{"name":"wp","href":"https:\/\/api.w.org\/{rel}","templated":true}]}}