{"id":23,"date":"2023-03-22T13:07:23","date_gmt":"2023-03-22T13:07:23","guid":{"rendered":"http:\/\/maroonthink.es\/?page_id=23"},"modified":"2023-12-09T18:26:46","modified_gmt":"2023-12-09T18:26:46","slug":"contacto-maroon-think","status":"publish","type":"page","link":"https:\/\/maroonthink.es\/index.php\/contacto-maroon-think\/","title":{"rendered":"\u00bfContactamos?"},"content":{"rendered":"\t\t<div data-elementor-type=\"wp-page\" data-elementor-id=\"23\" class=\"elementor elementor-23\">\n\t\t\t\t\t\t<section class=\"elementor-section elementor-top-section elementor-element elementor-element-785ea64 elementor-section-boxed elementor-section-height-default elementor-section-height-default\" data-id=\"785ea64\" data-element_type=\"section\" data-e-type=\"section\">\n\t\t\t\t\t\t<div class=\"elementor-container elementor-column-gap-default\">\n\t\t\t\t\t<div class=\"elementor-column elementor-col-100 elementor-top-column elementor-element elementor-element-0be14cf\" data-id=\"0be14cf\" data-element_type=\"column\" data-e-type=\"column\">\n\t\t\t<div class=\"elementor-widget-wrap elementor-element-populated\">\n\t\t\t\t\t\t<div class=\"elementor-element elementor-element-ebf4092 elementor-widget elementor-widget-spacer\" data-id=\"ebf4092\" data-element_type=\"widget\" data-e-type=\"widget\" data-widget_type=\"spacer.default\">\n\t\t\t\t<div class=\"elementor-widget-container\">\n\t\t\t\t\t\t\t<div class=\"elementor-spacer\">\n\t\t\t<div class=\"elementor-spacer-inner\"><\/div>\n\t\t<\/div>\n\t\t\t\t\t\t<\/div>\n\t\t\t\t<\/div>\n\t\t\t\t\t<\/div>\n\t\t<\/div>\n\t\t\t\t\t<\/div>\n\t\t<\/section>\n\t\t\t\t<section class=\"elementor-section elementor-top-section elementor-element elementor-element-55b5e74 elementor-section-boxed elementor-section-height-default elementor-section-height-default\" data-id=\"55b5e74\" data-element_type=\"section\" data-e-type=\"section\">\n\t\t\t\t\t\t<div class=\"elementor-container elementor-column-gap-default\">\n\t\t\t\t\t<div class=\"elementor-column elementor-col-100 elementor-top-column elementor-element elementor-element-acb7a14\" data-id=\"acb7a14\" data-element_type=\"column\" data-e-type=\"column\">\n\t\t\t<div class=\"elementor-widget-wrap elementor-element-populated\">\n\t\t\t\t\t\t<div class=\"elementor-element elementor-element-be5aab7 elementor-widget elementor-widget-heading\" data-id=\"be5aab7\" data-element_type=\"widget\" data-e-type=\"widget\" data-widget_type=\"heading.default\">\n\t\t\t\t<div class=\"elementor-widget-container\">\n\t\t\t\t\t<h2 class=\"elementor-heading-title elementor-size-default\">\u00bfHablamos?<\/h2>\t\t\t\t<\/div>\n\t\t\t\t<\/div>\n\t\t\t\t\t<\/div>\n\t\t<\/div>\n\t\t\t\t\t<\/div>\n\t\t<\/section>\n\t\t\t\t<section class=\"elementor-section elementor-top-section elementor-element elementor-element-db976fe animated-slow elementor-section-boxed elementor-section-height-default elementor-section-height-default elementor-invisible\" data-id=\"db976fe\" data-element_type=\"section\" data-e-type=\"section\" data-settings=\"{&quot;animation&quot;:&quot;fadeIn&quot;,&quot;background_background&quot;:&quot;classic&quot;}\">\n\t\t\t\t\t\t<div class=\"elementor-container elementor-column-gap-default\">\n\t\t\t\t\t<div class=\"elementor-column elementor-col-50 elementor-top-column elementor-element elementor-element-ebc8da1\" data-id=\"ebc8da1\" data-element_type=\"column\" data-e-type=\"column\">\n\t\t\t<div class=\"elementor-widget-wrap elementor-element-populated\">\n\t\t\t\t\t\t<div class=\"elementor-element elementor-element-d52fbb0 elementor-widget elementor-widget-spacer\" data-id=\"d52fbb0\" data-element_type=\"widget\" data-e-type=\"widget\" data-widget_type=\"spacer.default\">\n\t\t\t\t<div class=\"elementor-widget-container\">\n\t\t\t\t\t\t\t<div class=\"elementor-spacer\">\n\t\t\t<div class=\"elementor-spacer-inner\"><\/div>\n\t\t<\/div>\n\t\t\t\t\t\t<\/div>\n\t\t\t\t<\/div>\n\t\t\t\t\t<\/div>\n\t\t<\/div>\n\t\t\t\t<div class=\"elementor-column elementor-col-50 elementor-top-column elementor-element elementor-element-b037234\" data-id=\"b037234\" data-element_type=\"column\" data-e-type=\"column\">\n\t\t\t<div class=\"elementor-widget-wrap elementor-element-populated\">\n\t\t\t\t\t\t<section class=\"elementor-section elementor-inner-section elementor-element elementor-element-06f6346 elementor-section-boxed elementor-section-height-default elementor-section-height-default\" data-id=\"06f6346\" data-element_type=\"section\" data-e-type=\"section\">\n\t\t\t\t\t\t<div class=\"elementor-container elementor-column-gap-default\">\n\t\t\t\t\t<div class=\"elementor-column elementor-col-50 elementor-inner-column elementor-element elementor-element-ef71185\" data-id=\"ef71185\" data-element_type=\"column\" data-e-type=\"column\">\n\t\t\t<div class=\"elementor-widget-wrap elementor-element-populated\">\n\t\t\t\t\t\t<div class=\"elementor-element elementor-element-a4fded2 elementor-view-stacked elementor-shape-circle elementor-widget elementor-widget-icon\" data-id=\"a4fded2\" data-element_type=\"widget\" data-e-type=\"widget\" data-widget_type=\"icon.default\">\n\t\t\t\t<div class=\"elementor-widget-container\">\n\t\t\t\t\t\t\t<div class=\"elementor-icon-wrapper\">\n\t\t\t<a class=\"elementor-icon elementor-animation-grow\" href=\"https:\/\/maroonthink.es\/index.php\/formulario-contacto\/\">\n\t\t\t<i aria-hidden=\"true\" class=\"fab fa-wpforms\"><\/i>\t\t\t<\/a>\n\t\t<\/div>\n\t\t\t\t\t\t<\/div>\n\t\t\t\t<\/div>\n\t\t\t\t\t<\/div>\n\t\t<\/div>\n\t\t\t\t<div class=\"elementor-column elementor-col-50 elementor-inner-column elementor-element elementor-element-35c0ae4\" data-id=\"35c0ae4\" data-element_type=\"column\" data-e-type=\"column\">\n\t\t\t<div class=\"elementor-widget-wrap elementor-element-populated\">\n\t\t\t\t\t\t<div class=\"elementor-element elementor-element-a6a0c01 elementor-widget elementor-widget-text-editor\" data-id=\"a6a0c01\" data-element_type=\"widget\" data-e-type=\"widget\" data-widget_type=\"text-editor.default\">\n\t\t\t\t<div class=\"elementor-widget-container\">\n\t\t\t\t\t\t\t\t\t<p>Rellena el formulario y nos pondremos en contacto contigo. Haz clic en el icono para esta opci\u00f3n.<\/p>\t\t\t\t\t\t\t\t<\/div>\n\t\t\t\t<\/div>\n\t\t\t\t\t<\/div>\n\t\t<\/div>\n\t\t\t\t\t<\/div>\n\t\t<\/section>\n\t\t\t\t<section class=\"elementor-section elementor-inner-section elementor-element elementor-element-401bba8 elementor-section-boxed elementor-section-height-default elementor-section-height-default\" data-id=\"401bba8\" data-element_type=\"section\" data-e-type=\"section\">\n\t\t\t\t\t\t<div class=\"elementor-container elementor-column-gap-default\">\n\t\t\t\t\t<div class=\"elementor-column elementor-col-50 elementor-inner-column elementor-element elementor-element-3e8ce5c\" data-id=\"3e8ce5c\" data-element_type=\"column\" data-e-type=\"column\">\n\t\t\t<div class=\"elementor-widget-wrap elementor-element-populated\">\n\t\t\t\t\t\t<div class=\"elementor-element elementor-element-76dd853 elementor-view-stacked elementor-widget__width-initial elementor-shape-circle elementor-widget elementor-widget-icon\" data-id=\"76dd853\" data-element_type=\"widget\" data-e-type=\"widget\" data-widget_type=\"icon.default\">\n\t\t\t\t<div class=\"elementor-widget-container\">\n\t\t\t\t\t\t\t<div class=\"elementor-icon-wrapper\">\n\t\t\t<a class=\"elementor-icon elementor-animation-grow\" href=\"https:\/\/api.whatsapp.com\/send\/?phone=34697848699&#038;text&#038;type=phone_number&#038;app_absent=0\">\n\t\t\t<i aria-hidden=\"true\" class=\"fab fa-whatsapp\"><\/i>\t\t\t<\/a>\n\t\t<\/div>\n\t\t\t\t\t\t<\/div>\n\t\t\t\t<\/div>\n\t\t\t\t\t<\/div>\n\t\t<\/div>\n\t\t\t\t<div class=\"elementor-column elementor-col-50 elementor-inner-column elementor-element elementor-element-c9dea33\" data-id=\"c9dea33\" data-element_type=\"column\" data-e-type=\"column\">\n\t\t\t<div class=\"elementor-widget-wrap elementor-element-populated\">\n\t\t\t\t\t\t<div class=\"elementor-element elementor-element-644f7b8 elementor-widget elementor-widget-text-editor\" data-id=\"644f7b8\" data-element_type=\"widget\" data-e-type=\"widget\" data-widget_type=\"text-editor.default\">\n\t\t\t\t<div class=\"elementor-widget-container\">\n\t\t\t\t\t\t\t\t\t<p>Escr\u00edbeme por WhatsApp y te contestar\u00e9 lo m\u00e1s r\u00e1pido posible. Haz clic en el icono. Haz clic en el icono para esta opci\u00f3n.<\/p>\t\t\t\t\t\t\t\t<\/div>\n\t\t\t\t<\/div>\n\t\t\t\t\t<\/div>\n\t\t<\/div>\n\t\t\t\t\t<\/div>\n\t\t<\/section>\n\t\t\t\t<section class=\"elementor-section elementor-inner-section elementor-element elementor-element-65cc947 elementor-section-boxed elementor-section-height-default elementor-section-height-default\" data-id=\"65cc947\" data-element_type=\"section\" data-e-type=\"section\">\n\t\t\t\t\t\t<div class=\"elementor-container elementor-column-gap-default\">\n\t\t\t\t\t<div class=\"elementor-column elementor-col-50 elementor-inner-column elementor-element elementor-element-499bb3a\" data-id=\"499bb3a\" data-element_type=\"column\" data-e-type=\"column\">\n\t\t\t<div class=\"elementor-widget-wrap elementor-element-populated\">\n\t\t\t\t\t\t<div class=\"elementor-element elementor-element-d297574 elementor-view-stacked elementor-shape-circle elementor-widget elementor-widget-icon\" data-id=\"d297574\" data-element_type=\"widget\" data-e-type=\"widget\" data-widget_type=\"icon.default\">\n\t\t\t\t<div class=\"elementor-widget-container\">\n\t\t\t\t\t\t\t<div class=\"elementor-icon-wrapper\">\n\t\t\t<a class=\"elementor-icon elementor-animation-grow\" href=\"http:\/\/697848699\">\n\t\t\t<i aria-hidden=\"true\" class=\"fas fa-phone-volume\"><\/i>\t\t\t<\/a>\n\t\t<\/div>\n\t\t\t\t\t\t<\/div>\n\t\t\t\t<\/div>\n\t\t\t\t\t<\/div>\n\t\t<\/div>\n\t\t\t\t<div class=\"elementor-column elementor-col-50 elementor-inner-column elementor-element elementor-element-a064ddb\" data-id=\"a064ddb\" data-element_type=\"column\" data-e-type=\"column\">\n\t\t\t<div class=\"elementor-widget-wrap elementor-element-populated\">\n\t\t\t\t\t\t<div class=\"elementor-element elementor-element-f42c848 elementor-widget elementor-widget-text-editor\" data-id=\"f42c848\" data-element_type=\"widget\" data-e-type=\"widget\" data-widget_type=\"text-editor.default\">\n\t\t\t\t<div class=\"elementor-widget-container\">\n\t\t\t\t\t\t\t\t\t<p>Ll\u00e1mame directamente al 697848699. Si no lo cojo, no te preocupes, devuelvo la llamada. Haz clic en el icono para esta opci\u00f3n.<\/p>\t\t\t\t\t\t\t\t<\/div>\n\t\t\t\t<\/div>\n\t\t\t\t\t<\/div>\n\t\t<\/div>\n\t\t\t\t\t<\/div>\n\t\t<\/section>\n\t\t\t\t\t<\/div>\n\t\t<\/div>\n\t\t\t\t\t<\/div>\n\t\t<\/section>\n\t\t\t\t<section class=\"elementor-section elementor-top-section elementor-element elementor-element-fa1d861 elementor-section-boxed elementor-section-height-default elementor-section-height-default\" data-id=\"fa1d861\" data-element_type=\"section\" data-e-type=\"section\">\n\t\t\t\t\t\t<div class=\"elementor-container elementor-column-gap-default\">\n\t\t\t\t\t<div class=\"elementor-column elementor-col-100 elementor-top-column elementor-element elementor-element-4292694\" data-id=\"4292694\" data-element_type=\"column\" data-e-type=\"column\">\n\t\t\t<div class=\"elementor-widget-wrap elementor-element-populated\">\n\t\t\t\t\t\t<div class=\"elementor-element elementor-element-a708572 elementor-widget elementor-widget-spacer\" data-id=\"a708572\" data-element_type=\"widget\" data-e-type=\"widget\" data-widget_type=\"spacer.default\">\n\t\t\t\t<div class=\"elementor-widget-container\">\n\t\t\t\t\t\t\t<div class=\"elementor-spacer\">\n\t\t\t<div class=\"elementor-spacer-inner\"><\/div>\n\t\t<\/div>\n\t\t\t\t\t\t<\/div>\n\t\t\t\t<\/div>\n\t\t\t\t\t<\/div>\n\t\t<\/div>\n\t\t\t\t\t<\/div>\n\t\t<\/section>\n\t\t\t\t<\/div>\n\t\t","protected":false},"excerpt":{"rendered":"<p>\u00bfHablamos? Rellena el formulario y nos pondremos en contacto contigo. Haz clic en el icono para esta opci\u00f3n. Escr\u00edbeme por WhatsApp y te contestar\u00e9 lo m\u00e1s r\u00e1pido posible. Haz clic en el icono. Haz clic en el icono para esta opci\u00f3n. Ll\u00e1mame directamente al 697848699. Si no lo cojo, no te preocupes, devuelvo la llamada.&hellip;&nbsp;<a href=\"https:\/\/maroonthink.es\/index.php\/contacto-maroon-think\/\" class=\"\" rel=\"bookmark\">Leer m\u00e1s &raquo;<span class=\"screen-reader-text\">\u00bfContactamos?<\/span><\/a><\/p>\n","protected":false},"author":1,"featured_media":0,"parent":0,"menu_order":0,"comment_status":"closed","ping_status":"closed","template":"page-templates\/template-pagebuilder-full-width.php","meta":{"neve_meta_sidebar":"","neve_meta_container":"","neve_meta_enable_content_width":"","neve_meta_content_width":0,"neve_meta_title_alignment":"","neve_meta_author_avatar":"","neve_post_elements_order":"","neve_meta_disable_header":"","neve_meta_disable_footer":"","neve_meta_disable_title":"","footnotes":""},"class_list":["post-23","page","type-page","status-publish","hentry"],"yoast_head":"<!-- This site is optimized with the Yoast SEO plugin v27.5 - https:\/\/yoast.com\/product\/yoast-seo-wordpress\/ -->\n<title>\u00bfContactamos? - Maroon think<\/title>\n<meta name=\"description\" content=\"Nuestra p\u00e1gina de contacto. En Maroon Think ofrecemos una primera consulta gratuita donde estudiaremos tu caso y veremos si podemos ayudarte.\" \/>\n<meta name=\"robots\" content=\"index, follow, max-snippet:-1, max-image-preview:large, max-video-preview:-1\" \/>\n<link rel=\"canonical\" href=\"https:\/\/maroonthink.es\/index.php\/contacto-maroon-think\/\" \/>\n<meta property=\"og:locale\" content=\"es_ES\" \/>\n<meta property=\"og:type\" content=\"article\" \/>\n<meta property=\"og:title\" content=\"\u00bfContactamos? - Maroon think\" \/>\n<meta property=\"og:description\" content=\"Nuestra p\u00e1gina de contacto. En Maroon Think ofrecemos una primera consulta gratuita donde estudiaremos tu caso y veremos si podemos ayudarte.\" \/>\n<meta property=\"og:url\" content=\"https:\/\/maroonthink.es\/index.php\/contacto-maroon-think\/\" \/>\n<meta property=\"og:site_name\" content=\"Maroon think\" \/>\n<meta property=\"article:modified_time\" content=\"2023-12-09T18:26:46+00:00\" \/>\n<meta name=\"twitter:card\" content=\"summary_large_image\" \/>\n<meta name=\"twitter:label1\" content=\"Tiempo de lectura\" \/>\n\t<meta name=\"twitter:data1\" content=\"1 minuto\" \/>\n<script type=\"application\/ld+json\" class=\"yoast-schema-graph\">{\"@context\":\"https:\\\/\\\/schema.org\",\"@graph\":[{\"@type\":\"WebPage\",\"@id\":\"https:\\\/\\\/maroonthink.es\\\/index.php\\\/contacto-maroon-think\\\/\",\"url\":\"https:\\\/\\\/maroonthink.es\\\/index.php\\\/contacto-maroon-think\\\/\",\"name\":\"\u00bfContactamos? - Maroon think\",\"isPartOf\":{\"@id\":\"https:\\\/\\\/maroonthink.es\\\/#website\"},\"datePublished\":\"2023-03-22T13:07:23+00:00\",\"dateModified\":\"2023-12-09T18:26:46+00:00\",\"description\":\"Nuestra p\u00e1gina de contacto. En Maroon Think ofrecemos una primera consulta gratuita donde estudiaremos tu caso y veremos si podemos ayudarte.\",\"breadcrumb\":{\"@id\":\"https:\\\/\\\/maroonthink.es\\\/index.php\\\/contacto-maroon-think\\\/#breadcrumb\"},\"inLanguage\":\"es\",\"potentialAction\":[{\"@type\":\"ReadAction\",\"target\":[\"https:\\\/\\\/maroonthink.es\\\/index.php\\\/contacto-maroon-think\\\/\"]}]},{\"@type\":\"BreadcrumbList\",\"@id\":\"https:\\\/\\\/maroonthink.es\\\/index.php\\\/contacto-maroon-think\\\/#breadcrumb\",\"itemListElement\":[{\"@type\":\"ListItem\",\"position\":1,\"name\":\"Portada\",\"item\":\"https:\\\/\\\/maroonthink.es\\\/\"},{\"@type\":\"ListItem\",\"position\":2,\"name\":\"\u00bfContactamos?\"}]},{\"@type\":\"WebSite\",\"@id\":\"https:\\\/\\\/maroonthink.es\\\/#website\",\"url\":\"https:\\\/\\\/maroonthink.es\\\/\",\"name\":\"Maroon think\",\"description\":\"Estudio de entrenamiento personal en torrellano (Elche)\",\"publisher\":{\"@id\":\"https:\\\/\\\/maroonthink.es\\\/#organization\"},\"potentialAction\":[{\"@type\":\"SearchAction\",\"target\":{\"@type\":\"EntryPoint\",\"urlTemplate\":\"https:\\\/\\\/maroonthink.es\\\/?s={search_term_string}\"},\"query-input\":{\"@type\":\"PropertyValueSpecification\",\"valueRequired\":true,\"valueName\":\"search_term_string\"}}],\"inLanguage\":\"es\"},{\"@type\":\"Organization\",\"@id\":\"https:\\\/\\\/maroonthink.es\\\/#organization\",\"name\":\"Maroon think\",\"url\":\"https:\\\/\\\/maroonthink.es\\\/\",\"logo\":{\"@type\":\"ImageObject\",\"inLanguage\":\"es\",\"@id\":\"https:\\\/\\\/maroonthink.es\\\/#\\\/schema\\\/logo\\\/image\\\/\",\"url\":\"https:\\\/\\\/maroonthink.es\\\/wp-content\\\/uploads\\\/2023\\\/03\\\/3-e1679593092596.jpg\",\"contentUrl\":\"https:\\\/\\\/maroonthink.es\\\/wp-content\\\/uploads\\\/2023\\\/03\\\/3-e1679593092596.jpg\",\"width\":1200,\"height\":213,\"caption\":\"Maroon think\"},\"image\":{\"@id\":\"https:\\\/\\\/maroonthink.es\\\/#\\\/schema\\\/logo\\\/image\\\/\"}}]}<\/script>\n<!-- \/ Yoast SEO plugin. -->","yoast_head_json":{"title":"\u00bfContactamos? - Maroon think","description":"Nuestra p\u00e1gina de contacto. En Maroon Think ofrecemos una primera consulta gratuita donde estudiaremos tu caso y veremos si podemos ayudarte.","robots":{"index":"index","follow":"follow","max-snippet":"max-snippet:-1","max-image-preview":"max-image-preview:large","max-video-preview":"max-video-preview:-1"},"canonical":"https:\/\/maroonthink.es\/index.php\/contacto-maroon-think\/","og_locale":"es_ES","og_type":"article","og_title":"\u00bfContactamos? - Maroon think","og_description":"Nuestra p\u00e1gina de contacto. En Maroon Think ofrecemos una primera consulta gratuita donde estudiaremos tu caso y veremos si podemos ayudarte.","og_url":"https:\/\/maroonthink.es\/index.php\/contacto-maroon-think\/","og_site_name":"Maroon think","article_modified_time":"2023-12-09T18:26:46+00:00","twitter_card":"summary_large_image","twitter_misc":{"Tiempo de lectura":"1 minuto"},"schema":{"@context":"https:\/\/schema.org","@graph":[{"@type":"WebPage","@id":"https:\/\/maroonthink.es\/index.php\/contacto-maroon-think\/","url":"https:\/\/maroonthink.es\/index.php\/contacto-maroon-think\/","name":"\u00bfContactamos? - Maroon think","isPartOf":{"@id":"https:\/\/maroonthink.es\/#website"},"datePublished":"2023-03-22T13:07:23+00:00","dateModified":"2023-12-09T18:26:46+00:00","description":"Nuestra p\u00e1gina de contacto. En Maroon Think ofrecemos una primera consulta gratuita donde estudiaremos tu caso y veremos si podemos ayudarte.","breadcrumb":{"@id":"https:\/\/maroonthink.es\/index.php\/contacto-maroon-think\/#breadcrumb"},"inLanguage":"es","potentialAction":[{"@type":"ReadAction","target":["https:\/\/maroonthink.es\/index.php\/contacto-maroon-think\/"]}]},{"@type":"BreadcrumbList","@id":"https:\/\/maroonthink.es\/index.php\/contacto-maroon-think\/#breadcrumb","itemListElement":[{"@type":"ListItem","position":1,"name":"Portada","item":"https:\/\/maroonthink.es\/"},{"@type":"ListItem","position":2,"name":"\u00bfContactamos?"}]},{"@type":"WebSite","@id":"https:\/\/maroonthink.es\/#website","url":"https:\/\/maroonthink.es\/","name":"Maroon think","description":"Estudio de entrenamiento personal en torrellano (Elche)","publisher":{"@id":"https:\/\/maroonthink.es\/#organization"},"potentialAction":[{"@type":"SearchAction","target":{"@type":"EntryPoint","urlTemplate":"https:\/\/maroonthink.es\/?s={search_term_string}"},"query-input":{"@type":"PropertyValueSpecification","valueRequired":true,"valueName":"search_term_string"}}],"inLanguage":"es"},{"@type":"Organization","@id":"https:\/\/maroonthink.es\/#organization","name":"Maroon think","url":"https:\/\/maroonthink.es\/","logo":{"@type":"ImageObject","inLanguage":"es","@id":"https:\/\/maroonthink.es\/#\/schema\/logo\/image\/","url":"https:\/\/maroonthink.es\/wp-content\/uploads\/2023\/03\/3-e1679593092596.jpg","contentUrl":"https:\/\/maroonthink.es\/wp-content\/uploads\/2023\/03\/3-e1679593092596.jpg","width":1200,"height":213,"caption":"Maroon think"},"image":{"@id":"https:\/\/maroonthink.es\/#\/schema\/logo\/image\/"}}]}},"_links":{"self":[{"href":"https:\/\/maroonthink.es\/index.php\/wp-json\/wp\/v2\/pages\/23","targetHints":{"allow":["GET"]}}],"collection":[{"href":"https:\/\/maroonthink.es\/index.php\/wp-json\/wp\/v2\/pages"}],"about":[{"href":"https:\/\/maroonthink.es\/index.php\/wp-json\/wp\/v2\/types\/page"}],"author":[{"embeddable":true,"href":"https:\/\/maroonthink.es\/index.php\/wp-json\/wp\/v2\/users\/1"}],"replies":[{"embeddable":true,"href":"https:\/\/maroonthink.es\/index.php\/wp-json\/wp\/v2\/comments?post=23"}],"version-history":[{"count":29,"href":"https:\/\/maroonthink.es\/index.php\/wp-json\/wp\/v2\/pages\/23\/revisions"}],"predecessor-version":[{"id":463,"href":"https:\/\/maroonthink.es\/index.php\/wp-json\/wp\/v2\/pages\/23\/revisions\/463"}],"wp:attachment":[{"href":"https:\/\/maroonthink.es\/index.php\/wp-json\/wp\/v2\/media?parent=23"}],"curies":[{"name":"wp","href":"https:\/\/api.w.org\/{rel}","templated":true}]}}