{"id":109,"date":"2023-03-30T15:39:08","date_gmt":"2023-03-30T15:39:08","guid":{"rendered":"https:\/\/maroonthink.es\/?page_id=109"},"modified":"2023-04-01T09:02:44","modified_gmt":"2023-04-01T09:02:44","slug":"aviso-legal","status":"publish","type":"page","link":"https:\/\/maroonthink.es\/index.php\/aviso-legal\/","title":{"rendered":"Aviso legal"},"content":{"rendered":"\t\t<div data-elementor-type=\"wp-page\" data-elementor-id=\"109\" class=\"elementor elementor-109\">\n\t\t\t\t\t\t<section class=\"elementor-section elementor-top-section elementor-element elementor-element-92f0607 elementor-section-boxed elementor-section-height-default elementor-section-height-default\" data-id=\"92f0607\" data-element_type=\"section\" data-e-type=\"section\">\n\t\t\t\t\t\t<div class=\"elementor-container elementor-column-gap-default\">\n\t\t\t\t\t<div class=\"elementor-column elementor-col-100 elementor-top-column elementor-element elementor-element-1f8e076\" data-id=\"1f8e076\" data-element_type=\"column\" data-e-type=\"column\">\n\t\t\t<div class=\"elementor-widget-wrap elementor-element-populated\">\n\t\t\t\t\t\t<div class=\"elementor-element elementor-element-d0808c4 elementor-widget elementor-widget-spacer\" data-id=\"d0808c4\" data-element_type=\"widget\" data-e-type=\"widget\" data-widget_type=\"spacer.default\">\n\t\t\t\t<div class=\"elementor-widget-container\">\n\t\t\t\t\t\t\t<div class=\"elementor-spacer\">\n\t\t\t<div class=\"elementor-spacer-inner\"><\/div>\n\t\t<\/div>\n\t\t\t\t\t\t<\/div>\n\t\t\t\t<\/div>\n\t\t\t\t<div class=\"elementor-element elementor-element-9fccecf elementor-widget elementor-widget-heading\" data-id=\"9fccecf\" data-element_type=\"widget\" data-e-type=\"widget\" data-widget_type=\"heading.default\">\n\t\t\t\t<div class=\"elementor-widget-container\">\n\t\t\t\t\t<h2 class=\"elementor-heading-title elementor-size-default\">Aviso legal<\/h2>\t\t\t\t<\/div>\n\t\t\t\t<\/div>\n\t\t\t\t<div class=\"elementor-element elementor-element-471dfba elementor-widget elementor-widget-spacer\" data-id=\"471dfba\" data-element_type=\"widget\" data-e-type=\"widget\" data-widget_type=\"spacer.default\">\n\t\t\t\t<div class=\"elementor-widget-container\">\n\t\t\t\t\t\t\t<div class=\"elementor-spacer\">\n\t\t\t<div class=\"elementor-spacer-inner\"><\/div>\n\t\t<\/div>\n\t\t\t\t\t\t<\/div>\n\t\t\t\t<\/div>\n\t\t\t\t<div class=\"elementor-element elementor-element-9d7afd3 elementor-widget__width-initial elementor-widget elementor-widget-text-editor\" data-id=\"9d7afd3\" data-element_type=\"widget\" data-e-type=\"widget\" data-widget_type=\"text-editor.default\">\n\t\t\t\t<div class=\"elementor-widget-container\">\n\t\t\t\t\t\t\t\t\t<p><span style=\"font-family: var( --e-global-typography-text-font-family ), Sans-serif; font-size: var(--bodyfontsize); letter-spacing: var(--bodyletterspacing); text-transform: var(--bodytexttransform); background-color: var(--nv-site-bg);\">En cumplimiento del art\u00edculo 10 de la Ley 34\/2002, del 11 de julio, de servicios de la Sociedad de la Informaci\u00f3n y Comercio Electr\u00f3nico (LSSICE) se exponen a continuaci\u00f3n los datos identificativos de la empresa.<\/span><\/p><ul><li><b style=\"font-size: var(--bodyfontsize); letter-spacing: var(--bodyletterspacing); text-transform: var(--bodytexttransform);\">Denominaci\u00f3n social: MANUEL CA\u00d1ADAS ARANEGA.<\/b><\/li><li><b>NIF 20078482B.<\/b><\/li><li><b>Domicilio social: CALLE ASTRONAUTAS N\u00ba24, 03320, TORRELLANO &#8211; ALICANTE.<\/b><\/li><li><b>Correo electr\u00f3nico: manuel.canara.ep@gmail.com<\/b><\/li><li><b>Tel\u00e9fono: 697848699.<\/b><\/li><\/ul><div>\u00a0<\/div><p><strong>1.- Objeto de la web<\/strong><\/p><p><span style=\"font-weight: 400;\">Las presentes condiciones generales de uso de los servicios ofrecidos en la URL www.maroonthink.es<\/span><span style=\"font-size: var(--bodyfontsize); letter-spacing: var(--bodyletterspacing); text-transform: var(--bodytexttransform); background-color: var(--nv-site-bg);\">, (en adelante WEB), son suscritas por la Empresa MANUEL CA\u00d1ADAS ARANEGA (en adelante La EMPRESA), y de otra parte, por el USUARIO.<\/span><\/p><p><span style=\"font-weight: 400;\">La EMPRESA es una entidad cuya actividad principal consiste en <\/span><span style=\"font-weight: 400;\">entrenamiento personal.<\/span><\/p><p><span style=\"font-weight: 400;\">La EMPRESA posibilita a los USUARIOS el acceso y la utilizaci\u00f3n de los diversos servicios y contenidos, al poner a disposici\u00f3n del USUARIO, informaci\u00f3n (en adelante Contenidos) mediante su web, que pueden estar suministrados tanto por La EMPRESA, como por terceras personas f\u00edsicas y \/ o jur\u00eddicas.<\/span><\/p><p><span style=\"font-weight: 400;\">El USUARIO que acceda a la web de La EMPRESA, conoce y acepta las condiciones generales aqu\u00ed contenidas, de cada una de las versiones que de la web se ofrezcan, y las modificaciones que sobre estas se produzcan, debiendo los usuarios peri\u00f3dicamente acceder a estas para su conocimiento.\u00a0<\/span><\/p><p><strong>2.- Acceso a la web<\/strong><\/p><p><span style=\"font-weight: 400;\">El acceso de los USUARIOS a la web no implica ninguna obligaci\u00f3n ni garant\u00eda por parte de La EMPRESA.<\/span><\/p><p><span style=\"font-weight: 400;\">La EMPRESA se reserva el derecho a suspender y cancelar el acceso, y modificar, limitar o cancelar todos o cualquiera de los t\u00e9rminos y condiciones aplicables al web site, efectuando el preaviso mediante la introducci\u00f3n de una pop Windows, que se abrir\u00e1 autom\u00e1ticamente al acceder a la p\u00e1gina. La calidad y velocidad con que se accede a la web no ser\u00e1 responsabilidad de La EMPRESA, no pudiendo reclamarse por el usuario indemnizaci\u00f3n alguna por da\u00f1os y perjuicios.<\/span><\/p><p><span style=\"font-weight: 400;\">El servicio prestado por La EMPRESA mediante su web es por tiempo indefinido, pudiendo en cualquier momento cesar la prestaci\u00f3n de este servicio sin causa o motivo justificado y sin previo aviso.<\/span><\/p><p><span style=\"font-weight: 400;\">La EMPRESA no ser\u00e1 responsable de ninguna anomal\u00eda, mal funcionamiento, deterioro, borrado de datos o software que se produzcan en los equipos o sistemas de los usuarios, como consecuencia directa o indirecta del acceso o intento de acceso a su web.\u00a0<\/span><\/p><p><strong>3.- Contenidos de la web<\/strong><\/p><p><span style=\"font-weight: 400;\">El idioma utilizado por La EMPRESA en la web ser\u00e1 el castellano, sin perjuicio de utilizar otras lenguas, tanto nacionales como auton\u00f3micas, libremente y sin previo aviso. La EMPRESA no se responsabiliza de la no comprensi\u00f3n o entendimiento del idioma de la web por el usuario, ni de sus consecuencias.<\/span><\/p><p><span style=\"font-weight: 400;\">La EMPRESA podr\u00e1 modificar los contenidos sin previo aviso, as\u00ed como suprimir y cambiar \u00e9stos dentro de la web, no responsabiliz\u00e1ndose de las consecuencias que puedan afectar a los usuarios.<\/span><\/p><p><span style=\"font-weight: 400;\">Cualquier uso de la web o sus contenidos deber\u00e1 tener un car\u00e1cter exclusivamente particular. Est\u00e1 reservado exclusivamente a La EMPRESA, cualquier otro uso que suponga la copia, reproducci\u00f3n, distribuci\u00f3n, transformaci\u00f3n, comunicaci\u00f3n p\u00fablica o cualquier otra acci\u00f3n similar, de todo o parte de los contenidos de la p\u00e1gina web, as\u00ed como de \u00e9sta misma, por lo que ning\u00fan usuario podr\u00e1 llevar a cabo estas acciones sin la autorizaci\u00f3n previa y por escrito de La EMPRESA. <\/span><span style=\"font-weight: 400;\"><br \/><\/span><span style=\"font-weight: 400;\"><br \/><\/span><span style=\"font-weight: 400;\">Queda prohibida la utilizaci\u00f3n, en parte o en su totalidad, los contenidos, para promocionar, vender, contratar o divulgar publicidad o informaci\u00f3n propia o de terceras personas sin la autorizaci\u00f3n de La EMPRESA, ni remitir publicidad o informaci\u00f3n vali\u00e9ndose para ello de los servicios o informaci\u00f3n que se ponen a disposici\u00f3n de los usuarios, independientemente de si la utilizaci\u00f3n de estos es gratuita o no.<\/span><\/p><p><span style=\"font-weight: 400;\">No podr\u00e1n utilizarse la marca ni nombres comerciales, as\u00ed como cualquier otro signo identificativo que se encuentre sujeto a derechos de propiedad intelectual o industrial, sin la previa autorizaci\u00f3n expresa y por escrito de su propietario.<\/span><\/p><p><span style=\"font-weight: 400;\">Los enlaces o hiperenlaces que incorporen direcciones a esta web no podr\u00e1n manifestar, directa o indirectamente, indicaciones falsas, inexactas o confusas, y \u00fanicamente acceder\u00e1n a las p\u00e1ginas no pudiendo copiar o reproducir total o parcialmente \u00e9stas, ni incurrir en acciones desleales o il\u00edcitas en contra de La EMPRESA.<\/span><\/p><p><span style=\"font-weight: 400;\">La EMPRESA no se hace responsable de la fiabilidad y rapidez de los hiperenlaces que se incorporen en su web a otras webs. No garantiza la utilidad de la web respecto de sus enlaces a otras webs, ni se responsabiliza de los contenidos o servicios a los que pueda acceder el usuario por medio de estos enlaces, ni del buen funcionamiento de \u00e9stas.<\/span><\/p><p><span style=\"font-weight: 400;\">No ser\u00e1 responsable La EMPRESA de los virus o dem\u00e1s programas inform\u00e1ticos que deterioren o puedan deteriorar los sistemas o equipos inform\u00e1ticos de los usuarios al acceder a su web u otras web a los que se hayan accedido mediante enlaces de la web de La EMPRESA.<\/span><\/p><p><span style=\"font-weight: 400;\">La informaci\u00f3n de la web o el buz\u00f3n de contacto tienen car\u00e1cter meramente informativo, sin que, en ning\u00fan caso, pueda derivarse de la informaci\u00f3n o contestaci\u00f3n efecto jur\u00eddico vinculante alguno.<\/span><\/p><p><strong>4.- Usuarios de la web<\/strong><\/p><p><span style=\"font-weight: 400;\">Los usuarios que accedan a la web de La EMPRESA, lo har\u00e1n conforme a la Ley, la moral, las buenas costumbres y el orden p\u00fablico, y se obligan en todo momento a no acceder a la web y a los contenidos de forma contraria a la establecida y \/ o con fines il\u00edcitos, lesivos de derechos y libertades de terceros, o que puedan da\u00f1ar, deteriorar, saturar o ralentizar la web, en perjuicio de La EMPRESA o de terceros usuarios. Los usuarios no copiar\u00e1n, distribuir\u00e1n, difundir\u00e1n, transformar\u00e1n, modificar\u00e1n o manipular\u00e1n los contenidos.<\/span><\/p><p><span style=\"font-weight: 400;\">La EMPRESA dispone en su web de formularios y servicio de correo electr\u00f3nico con la finalidad que los usuarios puedan ponerse en contacto, los usuarios se comprometen a utilizar dichos servicios conforme a la ley, los usos y costumbres y el orden p\u00fablico. Los usuarios, en la utilizaci\u00f3n de los productos y servicios donde aporten informaci\u00f3n o contenidos, no atentaran contra los derechos fundamentales y libertades p\u00fablicas, no incitar\u00e1n o promover\u00e1n manifestaciones o actos delictivos, xen\u00f3fobos, terroristas, o degradantes por raz\u00f3n de sexo, raza, religi\u00f3n, creencias, ni divulgar\u00e1n contenidos o servicios pornogr\u00e1ficos, ni har\u00e1n apolog\u00eda de la violencia..<\/span><\/p><p><span style=\"font-weight: 400;\">El acceso a los contenidos de la web por parte del usuario, ser\u00e1 bajo su total responsabilidad no pudiendo repercutir a\u00a0 La EMPRESA cualquier consecuencia derivada directa o indirectamente del acceso a la web, ya sean de \u00e1mbito f\u00edsico, l\u00f3gico, moral o personal. La EMPRESA podr\u00e1 responsabilizar a los usuarios que haciendo un mal uso de la web, causasen da\u00f1os o perjuicios a terceras personas.<\/span><\/p><p><span style=\"font-weight: 400;\">La EMPRESA podr\u00e1 dirigirse contra los usuarios sobre todas las reclamaciones, indemnizaciones, multas o sanciones administrativas que recayesen sobre \u00e9sta y sean responsabilidad directa o indirecta o utilice alg\u00fan servicio de la web sin la diligencia debida.<\/span><\/p><p><span style=\"font-weight: 400;\">Todos los usuarios que conozcan alguna actuaci\u00f3n que est\u00e9 deteriorando o pueda deteriorar el buen funcionamiento de la web, modificar o alterar los contenidos de \u00e9sta, comunicar\u00e1n esta situaci\u00f3n a La EMPRESA.<\/span><\/p><p><span style=\"font-weight: 400;\">En los supuestos de env\u00edo publicitario por parte de La EMPRESA a los USUARIOS, se remitir\u00e1 con la palabra \u201cpublicidad\u201d para no inducir a error.\u00a0<\/span><\/p><p><strong>5.- Menores de edad<\/strong><\/p><p><span style=\"font-weight: 400;\">Los menores de edad deben solicitar y obtener el permiso de sus padres, del tutor o del representante legal antes de poder acceder a los servicios y \/ o contenidos que se incorporan en la web. Queda prohibido el acceso y uso del portal a los menores de edad no autorizados.\u00a0<\/span><\/p><p><strong>6.- Fuero<\/strong><\/p><p><span style=\"font-weight: 400;\">Las presentes condiciones se encuentran sometidas a la legislaci\u00f3n espa\u00f1ola vigente. Para cualquier tipo de controversia derivada de la utilizaci\u00f3n de los servicios ofrecidos o de los contenidos propios de la web, las partes, con la aceptaci\u00f3n de estas Condiciones, se someter\u00e1n a los Tribunales y Juzgados del usuario. Se informa al usuario sobre la resoluci\u00f3n<\/span><span style=\"font-weight: 400;\"> extrajudicial de conflictos, conforme al art. 14 del Reglamento UE 524\/2013 en el siguiente link <\/span><span style=\"font-weight: 400;\">https:\/\/ec.europa.eu\/consumers\/odr\/main\/<\/span><\/p>\t\t\t\t\t\t\t\t<\/div>\n\t\t\t\t<\/div>\n\t\t\t\t\t<\/div>\n\t\t<\/div>\n\t\t\t\t\t<\/div>\n\t\t<\/section>\n\t\t\t\t<\/div>\n\t\t","protected":false},"excerpt":{"rendered":"<p>Aviso legal En cumplimiento del art\u00edculo 10 de la Ley 34\/2002, del 11 de julio, de servicios de la Sociedad de la Informaci\u00f3n y Comercio Electr\u00f3nico (LSSICE) se exponen a continuaci\u00f3n los datos identificativos de la empresa. Denominaci\u00f3n social: MANUEL CA\u00d1ADAS ARANEGA. NIF 20078482B. Domicilio social: CALLE ASTRONAUTAS N\u00ba24, 03320, TORRELLANO &#8211; ALICANTE. Correo electr\u00f3nico:&hellip;&nbsp;<a href=\"https:\/\/maroonthink.es\/index.php\/aviso-legal\/\" class=\"\" rel=\"bookmark\">Leer m\u00e1s &raquo;<span class=\"screen-reader-text\">Aviso legal<\/span><\/a><\/p>\n","protected":false},"author":1,"featured_media":0,"parent":0,"menu_order":0,"comment_status":"closed","ping_status":"closed","template":"page-templates\/template-pagebuilder-full-width.php","meta":{"neve_meta_sidebar":"","neve_meta_container":"","neve_meta_enable_content_width":"","neve_meta_content_width":0,"neve_meta_title_alignment":"","neve_meta_author_avatar":"","neve_post_elements_order":"","neve_meta_disable_header":"","neve_meta_disable_footer":"","neve_meta_disable_title":"","footnotes":""},"class_list":["post-109","page","type-page","status-publish","hentry"],"yoast_head":"<!-- This site is optimized with the Yoast SEO plugin v27.5 - https:\/\/yoast.com\/product\/yoast-seo-wordpress\/ -->\n<title>Aviso legal - Maroon think<\/title>\n<meta name=\"robots\" content=\"noindex, nofollow\" \/>\n<meta property=\"og:locale\" content=\"es_ES\" \/>\n<meta property=\"og:type\" content=\"article\" \/>\n<meta property=\"og:title\" content=\"Aviso legal - Maroon think\" \/>\n<meta property=\"og:description\" content=\"Aviso legal En cumplimiento del art\u00edculo 10 de la Ley 34\/2002, del 11 de julio, de servicios de la Sociedad de la Informaci\u00f3n y Comercio Electr\u00f3nico (LSSICE) se exponen a continuaci\u00f3n los datos identificativos de la empresa. Denominaci\u00f3n social: MANUEL CA\u00d1ADAS ARANEGA. NIF 20078482B. Domicilio social: CALLE ASTRONAUTAS N\u00ba24, 03320, TORRELLANO &#8211; ALICANTE. Correo electr\u00f3nico:&hellip;&nbsp;Leer m\u00e1s &raquo;Aviso legal\" \/>\n<meta property=\"og:url\" content=\"https:\/\/maroonthink.es\/index.php\/aviso-legal\/\" \/>\n<meta property=\"og:site_name\" content=\"Maroon think\" \/>\n<meta property=\"article:modified_time\" content=\"2023-04-01T09:02:44+00:00\" \/>\n<meta name=\"twitter:card\" content=\"summary_large_image\" \/>\n<meta name=\"twitter:label1\" content=\"Tiempo de lectura\" \/>\n\t<meta name=\"twitter:data1\" content=\"7 minutos\" \/>\n<script type=\"application\/ld+json\" class=\"yoast-schema-graph\">{\"@context\":\"https:\\\/\\\/schema.org\",\"@graph\":[{\"@type\":\"WebPage\",\"@id\":\"https:\\\/\\\/maroonthink.es\\\/index.php\\\/aviso-legal\\\/\",\"url\":\"https:\\\/\\\/maroonthink.es\\\/index.php\\\/aviso-legal\\\/\",\"name\":\"Aviso legal - Maroon think\",\"isPartOf\":{\"@id\":\"https:\\\/\\\/maroonthink.es\\\/#website\"},\"datePublished\":\"2023-03-30T15:39:08+00:00\",\"dateModified\":\"2023-04-01T09:02:44+00:00\",\"breadcrumb\":{\"@id\":\"https:\\\/\\\/maroonthink.es\\\/index.php\\\/aviso-legal\\\/#breadcrumb\"},\"inLanguage\":\"es\",\"potentialAction\":[{\"@type\":\"ReadAction\",\"target\":[\"https:\\\/\\\/maroonthink.es\\\/index.php\\\/aviso-legal\\\/\"]}]},{\"@type\":\"BreadcrumbList\",\"@id\":\"https:\\\/\\\/maroonthink.es\\\/index.php\\\/aviso-legal\\\/#breadcrumb\",\"itemListElement\":[{\"@type\":\"ListItem\",\"position\":1,\"name\":\"Portada\",\"item\":\"https:\\\/\\\/maroonthink.es\\\/\"},{\"@type\":\"ListItem\",\"position\":2,\"name\":\"Aviso legal\"}]},{\"@type\":\"WebSite\",\"@id\":\"https:\\\/\\\/maroonthink.es\\\/#website\",\"url\":\"https:\\\/\\\/maroonthink.es\\\/\",\"name\":\"Maroon think\",\"description\":\"Estudio de entrenamiento personal en torrellano (Elche)\",\"publisher\":{\"@id\":\"https:\\\/\\\/maroonthink.es\\\/#organization\"},\"potentialAction\":[{\"@type\":\"SearchAction\",\"target\":{\"@type\":\"EntryPoint\",\"urlTemplate\":\"https:\\\/\\\/maroonthink.es\\\/?s={search_term_string}\"},\"query-input\":{\"@type\":\"PropertyValueSpecification\",\"valueRequired\":true,\"valueName\":\"search_term_string\"}}],\"inLanguage\":\"es\"},{\"@type\":\"Organization\",\"@id\":\"https:\\\/\\\/maroonthink.es\\\/#organization\",\"name\":\"Maroon think\",\"url\":\"https:\\\/\\\/maroonthink.es\\\/\",\"logo\":{\"@type\":\"ImageObject\",\"inLanguage\":\"es\",\"@id\":\"https:\\\/\\\/maroonthink.es\\\/#\\\/schema\\\/logo\\\/image\\\/\",\"url\":\"https:\\\/\\\/maroonthink.es\\\/wp-content\\\/uploads\\\/2023\\\/03\\\/3-e1679593092596.jpg\",\"contentUrl\":\"https:\\\/\\\/maroonthink.es\\\/wp-content\\\/uploads\\\/2023\\\/03\\\/3-e1679593092596.jpg\",\"width\":1200,\"height\":213,\"caption\":\"Maroon think\"},\"image\":{\"@id\":\"https:\\\/\\\/maroonthink.es\\\/#\\\/schema\\\/logo\\\/image\\\/\"}}]}<\/script>\n<!-- \/ Yoast SEO plugin. -->","yoast_head_json":{"title":"Aviso legal - Maroon think","robots":{"index":"noindex","follow":"nofollow"},"og_locale":"es_ES","og_type":"article","og_title":"Aviso legal - Maroon think","og_description":"Aviso legal En cumplimiento del art\u00edculo 10 de la Ley 34\/2002, del 11 de julio, de servicios de la Sociedad de la Informaci\u00f3n y Comercio Electr\u00f3nico (LSSICE) se exponen a continuaci\u00f3n los datos identificativos de la empresa. Denominaci\u00f3n social: MANUEL CA\u00d1ADAS ARANEGA. NIF 20078482B. Domicilio social: CALLE ASTRONAUTAS N\u00ba24, 03320, TORRELLANO &#8211; ALICANTE. Correo electr\u00f3nico:&hellip;&nbsp;Leer m\u00e1s &raquo;Aviso legal","og_url":"https:\/\/maroonthink.es\/index.php\/aviso-legal\/","og_site_name":"Maroon think","article_modified_time":"2023-04-01T09:02:44+00:00","twitter_card":"summary_large_image","twitter_misc":{"Tiempo de lectura":"7 minutos"},"schema":{"@context":"https:\/\/schema.org","@graph":[{"@type":"WebPage","@id":"https:\/\/maroonthink.es\/index.php\/aviso-legal\/","url":"https:\/\/maroonthink.es\/index.php\/aviso-legal\/","name":"Aviso legal - Maroon think","isPartOf":{"@id":"https:\/\/maroonthink.es\/#website"},"datePublished":"2023-03-30T15:39:08+00:00","dateModified":"2023-04-01T09:02:44+00:00","breadcrumb":{"@id":"https:\/\/maroonthink.es\/index.php\/aviso-legal\/#breadcrumb"},"inLanguage":"es","potentialAction":[{"@type":"ReadAction","target":["https:\/\/maroonthink.es\/index.php\/aviso-legal\/"]}]},{"@type":"BreadcrumbList","@id":"https:\/\/maroonthink.es\/index.php\/aviso-legal\/#breadcrumb","itemListElement":[{"@type":"ListItem","position":1,"name":"Portada","item":"https:\/\/maroonthink.es\/"},{"@type":"ListItem","position":2,"name":"Aviso legal"}]},{"@type":"WebSite","@id":"https:\/\/maroonthink.es\/#website","url":"https:\/\/maroonthink.es\/","name":"Maroon think","description":"Estudio de entrenamiento personal en torrellano (Elche)","publisher":{"@id":"https:\/\/maroonthink.es\/#organization"},"potentialAction":[{"@type":"SearchAction","target":{"@type":"EntryPoint","urlTemplate":"https:\/\/maroonthink.es\/?s={search_term_string}"},"query-input":{"@type":"PropertyValueSpecification","valueRequired":true,"valueName":"search_term_string"}}],"inLanguage":"es"},{"@type":"Organization","@id":"https:\/\/maroonthink.es\/#organization","name":"Maroon think","url":"https:\/\/maroonthink.es\/","logo":{"@type":"ImageObject","inLanguage":"es","@id":"https:\/\/maroonthink.es\/#\/schema\/logo\/image\/","url":"https:\/\/maroonthink.es\/wp-content\/uploads\/2023\/03\/3-e1679593092596.jpg","contentUrl":"https:\/\/maroonthink.es\/wp-content\/uploads\/2023\/03\/3-e1679593092596.jpg","width":1200,"height":213,"caption":"Maroon think"},"image":{"@id":"https:\/\/maroonthink.es\/#\/schema\/logo\/image\/"}}]}},"_links":{"self":[{"href":"https:\/\/maroonthink.es\/index.php\/wp-json\/wp\/v2\/pages\/109","targetHints":{"allow":["GET"]}}],"collection":[{"href":"https:\/\/maroonthink.es\/index.php\/wp-json\/wp\/v2\/pages"}],"about":[{"href":"https:\/\/maroonthink.es\/index.php\/wp-json\/wp\/v2\/types\/page"}],"author":[{"embeddable":true,"href":"https:\/\/maroonthink.es\/index.php\/wp-json\/wp\/v2\/users\/1"}],"replies":[{"embeddable":true,"href":"https:\/\/maroonthink.es\/index.php\/wp-json\/wp\/v2\/comments?post=109"}],"version-history":[{"count":16,"href":"https:\/\/maroonthink.es\/index.php\/wp-json\/wp\/v2\/pages\/109\/revisions"}],"predecessor-version":[{"id":264,"href":"https:\/\/maroonthink.es\/index.php\/wp-json\/wp\/v2\/pages\/109\/revisions\/264"}],"wp:attachment":[{"href":"https:\/\/maroonthink.es\/index.php\/wp-json\/wp\/v2\/media?parent=109"}],"curies":[{"name":"wp","href":"https:\/\/api.w.org\/{rel}","templated":true}]}}